{"id":10887,"date":"2022-07-14T07:57:30","date_gmt":"2022-07-14T07:57:30","guid":{"rendered":"https:\/\/www.marrakechdesertexcursions.com\/contact-us\/"},"modified":"2025-03-26T04:14:43","modified_gmt":"2025-03-26T04:14:43","slug":"contacto","status":"publish","type":"page","link":"https:\/\/www.marrakechdesertexcursions.com\/es\/contacto.html","title":{"rendered":"Cont\u00e1ctenos"},"content":{"rendered":"\t\t<div data-elementor-type=\"wp-page\" data-elementor-id=\"10887\" class=\"elementor elementor-10887 elementor-31\">\n\t\t\t\t\t\t<section class=\"elementor-section elementor-top-section elementor-element elementor-element-7934df5 elementor-section-full_width elementor-section-height-default elementor-section-height-default\" data-id=\"7934df5\" data-element_type=\"section\" data-e-type=\"section\">\n\t\t\t\t\t\t<div class=\"elementor-container elementor-column-gap-no\">\n\t\t\t\t\t<div class=\"elementor-column elementor-col-100 elementor-top-column elementor-element elementor-element-a6a3c42\" data-id=\"a6a3c42\" data-element_type=\"column\" data-e-type=\"column\">\n\t\t\t<div class=\"elementor-widget-wrap elementor-element-populated\">\n\t\t\t\t\t\t<div class=\"elementor-element elementor-element-accd18e elementor-widget elementor-widget-turio_contact_details\" data-id=\"accd18e\" data-element_type=\"widget\" data-e-type=\"widget\" data-widget_type=\"turio_contact_details.default\">\n\t\t\t\t<div class=\"elementor-widget-container\">\n\t\t\t\t\t        <div class=\"contact-wrapper wow animate fadeInUp\" data-wow-duration=\"1500ms\" data-wow-delay=\"200ms\">\n            <div class=\"container\">\n                <div class=\"row align-items-center justify-content-lg-center gy-5\">\n                    <div class=\"col-lg-6\">\n                        <div class=\"contatc-intro-figure\">\n                            <img decoding=\"async\" src=\"https:\/\/www.marrakechdesertexcursions.com\/wp-content\/uploads\/2024\/04\/8c14881cfb21bd919577232ac0a14bf0.jpg\" alt=\"\" class=\"img-fluid\">\n                        <\/div>\n                    <\/div>\n                    <div class=\"col-lg-5\">\n                        <div class=\"contact-info\">\n                            <h3>\n                                                        <\/h3>\n                            <ul>\n                            \n                                <li>\n                                    <h6>\n                                                                        <\/h6>\n                                    <ul><li><p><strong>Correo electr\u00f3nico: <\/strong><a href=\"mailto:marrakechdesertexcursions@gmail.com\">marrakechdesertexcursions@gmail.com<\/a><\/p><p><strong>Tel\u00e9fono: <\/strong><a href=\"tel:+212 667 879 247\">+212 667 879 247<\/a><\/p><\/li><\/ul>\n                                <\/li>\n                                \n                                <li>\n                                    <h6>\n                                                                        <\/h6>\n                                    <ul><li style=\"text-align: left;\"><strong>Direcci\u00f3n<\/strong><\/li><li><p><strong>Ciudad: Fez<\/strong><\/p><hr \/><p><strong>C.P: 30000<\/strong><\/p><hr \/><p><strong>Pais: Marruecos<\/strong><\/p><\/li><\/ul>\n                                <\/li>\n                                                            <\/ul>\n                        <\/div>\n                    <\/div>\n                <\/div>\n            <\/div>\n        <\/div>\n        \t\t\t\t<\/div>\n\t\t\t\t<\/div>\n\t\t\t\t\t<\/div>\n\t\t<\/div>\n\t\t\t\t\t<\/div>\n\t\t<\/section>\n\t\t\t\t<section class=\"elementor-section elementor-top-section elementor-element elementor-element-ff79729 elementor-section-boxed elementor-section-height-default elementor-section-height-default\" data-id=\"ff79729\" data-element_type=\"section\" data-e-type=\"section\">\n\t\t\t\t\t\t<div class=\"elementor-container elementor-column-gap-default\">\n\t\t\t\t\t<div class=\"elementor-column elementor-col-100 elementor-top-column elementor-element elementor-element-07bb308\" data-id=\"07bb308\" data-element_type=\"column\" data-e-type=\"column\">\n\t\t\t<div class=\"elementor-widget-wrap elementor-element-populated\">\n\t\t\t\t\t\t<div class=\"elementor-element elementor-element-b67c9a8 elementor-widget elementor-widget-shortcode\" data-id=\"b67c9a8\" data-element_type=\"widget\" data-e-type=\"widget\" data-widget_type=\"shortcode.default\">\n\t\t\t\t<div class=\"elementor-widget-container\">\n\t\t\t\t\t\t\t<div class=\"elementor-shortcode\"><div class=\"wpforms-container wpforms-container-full wpforms-render-modern\" id=\"wpforms-13292\"><form id=\"wpforms-form-13292\" class=\"wpforms-validate wpforms-form wpforms-ajax-form\" data-formid=\"13292\" method=\"post\" enctype=\"multipart\/form-data\" action=\"\/es\/wp-json\/wp\/v2\/pages\/10887\" data-token=\"9c11e34fcc27ef76d1e80a45a497a6ad\" data-token-time=\"1778899802\"><noscript class=\"wpforms-error-noscript\">Por favor, activa JavaScript en tu navegador para completar este formulario.<\/noscript><div class=\"wpforms-hidden\" id=\"wpforms-error-noscript\">Por favor, activa JavaScript en tu navegador para completar este formulario.<\/div><div class=\"wpforms-field-container\"><div id=\"wpforms-13292-field_1-container\" class=\"wpforms-field wpforms-field-name\" data-field-id=\"1\"><label class=\"wpforms-field-label\" for=\"wpforms-13292-field_1\">Nombre y apellidos <span class=\"wpforms-required-label\" aria-hidden=\"true\">*<\/span><\/label><input type=\"text\" id=\"wpforms-13292-field_1\" class=\"wpforms-field-large wpforms-field-required\" name=\"wpforms[fields][1]\" aria-errormessage=\"wpforms-13292-field_1-error\" required><\/div><div id=\"wpforms-13292-field_4-container\" class=\"wpforms-field wpforms-field-layout\" data-field-id=\"4\"><div class=\"wpforms-field-layout-rows wpforms-field-large\"><div class=\"wpforms-layout-row\"><div class=\"wpforms-layout-column wpforms-layout-column-50\"><div id=\"wpforms-13292-field_2-container\" class=\"wpforms-field wpforms-field-email\" data-field-id=\"2\"><label class=\"wpforms-field-label\" for=\"wpforms-13292-field_2\">Email <span class=\"wpforms-required-label\" aria-hidden=\"true\">*<\/span><\/label><input type=\"email\" id=\"wpforms-13292-field_2\" class=\"wpforms-field-large wpforms-field-required\" name=\"wpforms[fields][2]\" spellcheck=\"false\" aria-errormessage=\"wpforms-13292-field_2-error\" required><\/div><\/div><div class=\"wpforms-layout-column wpforms-layout-column-50\"><div id=\"wpforms-13292-field_5-container\" class=\"wpforms-field wpforms-field-phone\" data-field-id=\"5\"><label class=\"wpforms-field-label\" for=\"wpforms-13292-field_5\">Tel\u00e9fono<\/label><input type=\"tel\" id=\"wpforms-13292-field_5\" class=\"wpforms-field-medium wpforms-smart-phone-field\" data-rule-smart-phone-field=\"true\" name=\"wpforms[fields][5]\" aria-label=\"Tel\u00e9fono\" aria-errormessage=\"wpforms-13292-field_5-error\" ><\/div><\/div><\/div><\/div><\/div><div id=\"wpforms-13292-field_3-container\" class=\"wpforms-field wpforms-field-textarea\" data-field-id=\"3\"><label class=\"wpforms-field-label\" for=\"wpforms-13292-field_3\">Mensaje<\/label><textarea id=\"wpforms-13292-field_3\" class=\"wpforms-field-medium\" name=\"wpforms[fields][3]\" aria-errormessage=\"wpforms-13292-field_3-error\" ><\/textarea><\/div><\/div><!-- .wpforms-field-container --><div class=\"wpforms-submit-container\" ><input type=\"hidden\" name=\"wpforms[id]\" value=\"13292\"><input type=\"hidden\" name=\"page_title\" value=\"\"><input type=\"hidden\" name=\"page_url\" value=\"https:\/\/www.marrakechdesertexcursions.com\/es\/wp-json\/wp\/v2\/pages\/10887\"><button type=\"submit\" name=\"wpforms[submit]\" id=\"wpforms-submit-13292\" class=\"wpforms-submit\" data-alt-text=\"Env\u00ede...\" data-submit-text=\"Env\u00ede\" aria-live=\"assertive\" value=\"wpforms-submit\">Env\u00ede<\/button><img decoding=\"async\" src=\"https:\/\/www.marrakechdesertexcursions.com\/wp-content\/plugins\/wpforms\/assets\/images\/submit-spin.svg\" class=\"wpforms-submit-spinner\" style=\"display: none;\" width=\"26\" height=\"26\" alt=\"Cargando\"><\/div><\/form><\/div>  <!-- .wpforms-container --><\/div>\n\t\t\t\t\t\t<\/div>\n\t\t\t\t<\/div>\n\t\t\t\t\t<\/div>\n\t\t<\/div>\n\t\t\t\t\t<\/div>\n\t\t<\/section>\n\t\t\t\t<\/div>\n\t\t","protected":false},"excerpt":{"rendered":"<p>Correo electr\u00f3nico: marrakechdesertexcursions@gmail.com Tel\u00e9fono: +212 667 879 247 Direcci\u00f3n Ciudad: Fez C.P: 30000 Pais: Marruecos<\/p>\n","protected":false},"author":1,"featured_media":0,"parent":0,"menu_order":0,"comment_status":"closed","ping_status":"closed","template":"","meta":{"_joinchat":[],"footnotes":""},"class_list":["post-10887","page","type-page","status-publish","hentry"],"yoast_head":"<!-- This site is optimized with the Yoast SEO Premium plugin v22.6 (Yoast SEO v27.6) - https:\/\/yoast.com\/product\/yoast-seo-premium-wordpress\/ -->\n<title>Contacto Marrakech Desert Excursions<\/title>\n<meta name=\"description\" content=\"P\u00f3nte en contacto con Marrakech Desert Excursions hoy mismo y reserve tu mejor viaje por Marruecos. Exploremos juntos el encantador Marruecos\" \/>\n<meta name=\"robots\" content=\"index, follow, max-snippet:-1, max-image-preview:large, max-video-preview:-1\" \/>\n<link rel=\"canonical\" href=\"https:\/\/www.marrakechdesertexcursions.com\/es\/contacto.html\" \/>\n<meta property=\"og:locale\" content=\"es_ES\" \/>\n<meta property=\"og:type\" content=\"article\" \/>\n<meta property=\"og:title\" content=\"Contacto Marrakech Desert Excursions\" \/>\n<meta property=\"og:description\" content=\"P\u00f3nte en contacto con Marrakech Desert Excursions hoy mismo y reserve tu mejor viaje por Marruecos. Exploremos juntos el encantador Marruecos\" \/>\n<meta property=\"og:url\" content=\"https:\/\/www.marrakechdesertexcursions.com\/es\/contacto.html\" \/>\n<meta property=\"og:site_name\" content=\"Marrakech desert excursions\" \/>\n<meta property=\"article:modified_time\" content=\"2025-03-26T04:14:43+00:00\" \/>\n<meta property=\"og:image\" content=\"https:\/\/www.marrakechdesertexcursions.com\/wp-content\/uploads\/2024\/04\/8c14881cfb21bd919577232ac0a14bf0.jpg\" \/>\n<meta name=\"twitter:card\" content=\"summary_large_image\" \/>\n<meta name=\"twitter:label1\" content=\"Tiempo de lectura\" \/>\n\t<meta name=\"twitter:data1\" content=\"1 minuto\" \/>\n<script type=\"application\/ld+json\" class=\"yoast-schema-graph\">{\"@context\":\"https:\\\/\\\/schema.org\",\"@graph\":[{\"@type\":\"WebPage\",\"@id\":\"https:\\\/\\\/www.marrakechdesertexcursions.com\\\/es\\\/contacto.html\",\"url\":\"https:\\\/\\\/www.marrakechdesertexcursions.com\\\/es\\\/contacto.html\",\"name\":\"Contacto Marrakech Desert Excursions\",\"isPartOf\":{\"@id\":\"https:\\\/\\\/www.marrakechdesertexcursions.com\\\/es\\\/#website\"},\"primaryImageOfPage\":{\"@id\":\"https:\\\/\\\/www.marrakechdesertexcursions.com\\\/es\\\/contacto.html#primaryimage\"},\"image\":{\"@id\":\"https:\\\/\\\/www.marrakechdesertexcursions.com\\\/es\\\/contacto.html#primaryimage\"},\"thumbnailUrl\":\"https:\\\/\\\/www.marrakechdesertexcursions.com\\\/wp-content\\\/uploads\\\/2024\\\/04\\\/8c14881cfb21bd919577232ac0a14bf0.jpg\",\"datePublished\":\"2022-07-14T07:57:30+00:00\",\"dateModified\":\"2025-03-26T04:14:43+00:00\",\"description\":\"P\u00f3nte en contacto con Marrakech Desert Excursions hoy mismo y reserve tu mejor viaje por Marruecos. Exploremos juntos el encantador Marruecos\",\"inLanguage\":\"es\",\"potentialAction\":[{\"@type\":\"ReadAction\",\"target\":[\"https:\\\/\\\/www.marrakechdesertexcursions.com\\\/es\\\/contacto.html\"]}]},{\"@type\":\"ImageObject\",\"inLanguage\":\"es\",\"@id\":\"https:\\\/\\\/www.marrakechdesertexcursions.com\\\/es\\\/contacto.html#primaryimage\",\"url\":\"https:\\\/\\\/www.marrakechdesertexcursions.com\\\/wp-content\\\/uploads\\\/2024\\\/04\\\/8c14881cfb21bd919577232ac0a14bf0.jpg\",\"contentUrl\":\"https:\\\/\\\/www.marrakechdesertexcursions.com\\\/wp-content\\\/uploads\\\/2024\\\/04\\\/8c14881cfb21bd919577232ac0a14bf0.jpg\"},{\"@type\":\"WebSite\",\"@id\":\"https:\\\/\\\/www.marrakechdesertexcursions.com\\\/es\\\/#website\",\"url\":\"https:\\\/\\\/www.marrakechdesertexcursions.com\\\/es\\\/\",\"name\":\"Marrakech desert excursions\",\"description\":\"\",\"publisher\":{\"@id\":\"https:\\\/\\\/www.marrakechdesertexcursions.com\\\/es\\\/#organization\"},\"potentialAction\":[{\"@type\":\"SearchAction\",\"target\":{\"@type\":\"EntryPoint\",\"urlTemplate\":\"https:\\\/\\\/www.marrakechdesertexcursions.com\\\/es\\\/?s={search_term_string}\"},\"query-input\":{\"@type\":\"PropertyValueSpecification\",\"valueRequired\":true,\"valueName\":\"search_term_string\"}}],\"inLanguage\":\"es\"},{\"@type\":\"Organization\",\"@id\":\"https:\\\/\\\/www.marrakechdesertexcursions.com\\\/es\\\/#organization\",\"name\":\"Marrakech desert excursions\",\"url\":\"https:\\\/\\\/www.marrakechdesertexcursions.com\\\/es\\\/\",\"logo\":{\"@type\":\"ImageObject\",\"inLanguage\":\"es\",\"@id\":\"https:\\\/\\\/www.marrakechdesertexcursions.com\\\/es\\\/#\\\/schema\\\/logo\\\/image\\\/\",\"url\":\"https:\\\/\\\/www.marrakechdesertexcursions.com\\\/wp-content\\\/uploads\\\/2024\\\/10\\\/cropped-logonew-04-1.webp\",\"contentUrl\":\"https:\\\/\\\/www.marrakechdesertexcursions.com\\\/wp-content\\\/uploads\\\/2024\\\/10\\\/cropped-logonew-04-1.webp\",\"width\":755,\"height\":480,\"caption\":\"Marrakech desert excursions\"},\"image\":{\"@id\":\"https:\\\/\\\/www.marrakechdesertexcursions.com\\\/es\\\/#\\\/schema\\\/logo\\\/image\\\/\"}}]}<\/script>\n<!-- \/ Yoast SEO Premium plugin. -->","yoast_head_json":{"title":"Contacto Marrakech Desert Excursions","description":"P\u00f3nte en contacto con Marrakech Desert Excursions hoy mismo y reserve tu mejor viaje por Marruecos. Exploremos juntos el encantador Marruecos","robots":{"index":"index","follow":"follow","max-snippet":"max-snippet:-1","max-image-preview":"max-image-preview:large","max-video-preview":"max-video-preview:-1"},"canonical":"https:\/\/www.marrakechdesertexcursions.com\/es\/contacto.html","og_locale":"es_ES","og_type":"article","og_title":"Contacto Marrakech Desert Excursions","og_description":"P\u00f3nte en contacto con Marrakech Desert Excursions hoy mismo y reserve tu mejor viaje por Marruecos. Exploremos juntos el encantador Marruecos","og_url":"https:\/\/www.marrakechdesertexcursions.com\/es\/contacto.html","og_site_name":"Marrakech desert excursions","article_modified_time":"2025-03-26T04:14:43+00:00","og_image":[{"url":"https:\/\/www.marrakechdesertexcursions.com\/wp-content\/uploads\/2024\/04\/8c14881cfb21bd919577232ac0a14bf0.jpg","type":"","width":"","height":""}],"twitter_card":"summary_large_image","twitter_misc":{"Tiempo de lectura":"1 minuto"},"schema":{"@context":"https:\/\/schema.org","@graph":[{"@type":"WebPage","@id":"https:\/\/www.marrakechdesertexcursions.com\/es\/contacto.html","url":"https:\/\/www.marrakechdesertexcursions.com\/es\/contacto.html","name":"Contacto Marrakech Desert Excursions","isPartOf":{"@id":"https:\/\/www.marrakechdesertexcursions.com\/es\/#website"},"primaryImageOfPage":{"@id":"https:\/\/www.marrakechdesertexcursions.com\/es\/contacto.html#primaryimage"},"image":{"@id":"https:\/\/www.marrakechdesertexcursions.com\/es\/contacto.html#primaryimage"},"thumbnailUrl":"https:\/\/www.marrakechdesertexcursions.com\/wp-content\/uploads\/2024\/04\/8c14881cfb21bd919577232ac0a14bf0.jpg","datePublished":"2022-07-14T07:57:30+00:00","dateModified":"2025-03-26T04:14:43+00:00","description":"P\u00f3nte en contacto con Marrakech Desert Excursions hoy mismo y reserve tu mejor viaje por Marruecos. Exploremos juntos el encantador Marruecos","inLanguage":"es","potentialAction":[{"@type":"ReadAction","target":["https:\/\/www.marrakechdesertexcursions.com\/es\/contacto.html"]}]},{"@type":"ImageObject","inLanguage":"es","@id":"https:\/\/www.marrakechdesertexcursions.com\/es\/contacto.html#primaryimage","url":"https:\/\/www.marrakechdesertexcursions.com\/wp-content\/uploads\/2024\/04\/8c14881cfb21bd919577232ac0a14bf0.jpg","contentUrl":"https:\/\/www.marrakechdesertexcursions.com\/wp-content\/uploads\/2024\/04\/8c14881cfb21bd919577232ac0a14bf0.jpg"},{"@type":"WebSite","@id":"https:\/\/www.marrakechdesertexcursions.com\/es\/#website","url":"https:\/\/www.marrakechdesertexcursions.com\/es\/","name":"Marrakech desert excursions","description":"","publisher":{"@id":"https:\/\/www.marrakechdesertexcursions.com\/es\/#organization"},"potentialAction":[{"@type":"SearchAction","target":{"@type":"EntryPoint","urlTemplate":"https:\/\/www.marrakechdesertexcursions.com\/es\/?s={search_term_string}"},"query-input":{"@type":"PropertyValueSpecification","valueRequired":true,"valueName":"search_term_string"}}],"inLanguage":"es"},{"@type":"Organization","@id":"https:\/\/www.marrakechdesertexcursions.com\/es\/#organization","name":"Marrakech desert excursions","url":"https:\/\/www.marrakechdesertexcursions.com\/es\/","logo":{"@type":"ImageObject","inLanguage":"es","@id":"https:\/\/www.marrakechdesertexcursions.com\/es\/#\/schema\/logo\/image\/","url":"https:\/\/www.marrakechdesertexcursions.com\/wp-content\/uploads\/2024\/10\/cropped-logonew-04-1.webp","contentUrl":"https:\/\/www.marrakechdesertexcursions.com\/wp-content\/uploads\/2024\/10\/cropped-logonew-04-1.webp","width":755,"height":480,"caption":"Marrakech desert excursions"},"image":{"@id":"https:\/\/www.marrakechdesertexcursions.com\/es\/#\/schema\/logo\/image\/"}}]}},"_links":{"self":[{"href":"https:\/\/www.marrakechdesertexcursions.com\/es\/wp-json\/wp\/v2\/pages\/10887","targetHints":{"allow":["GET"]}}],"collection":[{"href":"https:\/\/www.marrakechdesertexcursions.com\/es\/wp-json\/wp\/v2\/pages"}],"about":[{"href":"https:\/\/www.marrakechdesertexcursions.com\/es\/wp-json\/wp\/v2\/types\/page"}],"author":[{"embeddable":true,"href":"https:\/\/www.marrakechdesertexcursions.com\/es\/wp-json\/wp\/v2\/users\/1"}],"replies":[{"embeddable":true,"href":"https:\/\/www.marrakechdesertexcursions.com\/es\/wp-json\/wp\/v2\/comments?post=10887"}],"version-history":[{"count":20,"href":"https:\/\/www.marrakechdesertexcursions.com\/es\/wp-json\/wp\/v2\/pages\/10887\/revisions"}],"predecessor-version":[{"id":13636,"href":"https:\/\/www.marrakechdesertexcursions.com\/es\/wp-json\/wp\/v2\/pages\/10887\/revisions\/13636"}],"wp:attachment":[{"href":"https:\/\/www.marrakechdesertexcursions.com\/es\/wp-json\/wp\/v2\/media?parent=10887"}],"curies":[{"name":"wp","href":"https:\/\/api.w.org\/{rel}","templated":true}]}}