{"id":11042,"date":"2023-08-28T18:47:38","date_gmt":"2023-08-28T18:47:38","guid":{"rendered":"https:\/\/www.marrakechdesertexcursions.com\/about-us\/"},"modified":"2024-08-27T11:52:17","modified_gmt":"2024-08-27T11:52:17","slug":"viajes-personalizados-en-marruecos","status":"publish","type":"page","link":"https:\/\/www.marrakechdesertexcursions.com\/es\/viajes-personalizados-en-marruecos.html","title":{"rendered":"Nosotros"},"content":{"rendered":"\t\t<div data-elementor-type=\"wp-page\" data-elementor-id=\"11042\" class=\"elementor elementor-11042 elementor-7937\">\n\t\t\t\t<div class=\"elementor-element elementor-element-cc3e821 e-flex e-con-boxed e-con e-parent\" data-id=\"cc3e821\" data-element_type=\"container\" data-e-type=\"container\">\n\t\t\t\t\t<div class=\"e-con-inner\">\n\t\t<div class=\"elementor-element elementor-element-a97decc e-con-full e-flex e-con e-child\" data-id=\"a97decc\" data-element_type=\"container\" data-e-type=\"container\">\n\t\t\t\t<div class=\"elementor-element elementor-element-febd6a8 elementor-widget elementor-widget-heading\" data-id=\"febd6a8\" data-element_type=\"widget\" data-e-type=\"widget\" data-widget_type=\"heading.default\">\n\t\t\t\t<div class=\"elementor-widget-container\">\n\t\t\t\t\t<h1 class=\"elementor-heading-title elementor-size-default\">Viajes personalizados en Marruecos<\/h1>\t\t\t\t<\/div>\n\t\t\t\t<\/div>\n\t\t\t\t<div class=\"elementor-element elementor-element-7974d5f elementor-widget elementor-widget-text-editor\" data-id=\"7974d5f\" data-element_type=\"widget\" data-e-type=\"widget\" data-widget_type=\"text-editor.default\">\n\t\t\t\t<div class=\"elementor-widget-container\">\n\t\t\t\t\t\t\t\t\t<p><strong>Viajes personalizados en Marruecos<\/strong> y sobre <a href=\"https:\/\/www.marrakechdesertexcursions.com\/\">Marrakech Desert Excursions<\/a>. Como somos Nomadas que nos gusta mucho el Desierto del Sahara. Nuestro amor por el desierto. Nos impulsa a querer compartirlo con el mundo. Todo el mundo merece experimentar la libertad y la naturaleza cruda del desierto del Sahara al menos una vez en la vida. <a href=\"https:\/\/www.marrakechdesertexcursions.com\/\">Marrakech Desert Excursions<\/a>. Ofrece a todo el mundo la oportunidad de iniciarse Como un n\u00f3mada a trav\u00e9s de la exploraci\u00f3n del estilo de vida m\u00e1gico del desierto y sus habitantes.<\/p><p>\u00a0<\/p><p>Nuestras excursiones por el desierto. Le da la oportunidad de interactuar con el Sahara y sentir la vida que Dios le ha otorgado. Explore con nosotros los infinitos cielos nocturnos, las dunas, la comida, los rituales y el estilo de vida del desierto del S\u00e1hara marroqu\u00ed.<\/p><p>\u00a0<\/p><p>Somos aut\u00e9nticos saharauis que aprendieron a vivir en un entorno tan extremo. Como n\u00f3madas nacidos con la arena en los ojos. Todos creemos que el desierto es donde estamos destinados a vivir. Apreciamos nuestra tierra y le invitamos a que sea nuestro hu\u00e9sped. Explore Marruecos con nosotros, descubra la enorme diversidad de nuestra tierra y disfrute de todas las actividades divertidas que tenemos.<\/p>\t\t\t\t\t\t\t\t<\/div>\n\t\t\t\t<\/div>\n\t\t\t\t<\/div>\n\t\t<div class=\"elementor-element elementor-element-9b5287f e-con-full e-flex e-con e-child\" data-id=\"9b5287f\" data-element_type=\"container\" data-e-type=\"container\">\n\t\t\t\t<div class=\"elementor-element elementor-element-ecf5adb elementor-widget elementor-widget-image\" data-id=\"ecf5adb\" data-element_type=\"widget\" data-e-type=\"widget\" data-widget_type=\"image.default\">\n\t\t\t\t<div class=\"elementor-widget-container\">\n\t\t\t\t\t\t\t\t\t\t\t\t\t\t\t<img fetchpriority=\"high\" decoding=\"async\" width=\"567\" height=\"504\" src=\"https:\/\/www.marrakechdesertexcursions.com\/wp-content\/uploads\/2024\/04\/Customized-Morocco-Tours-1.webp\" class=\"attachment-large size-large wp-image-10076\" alt=\"Viajes personalizados en Maruecos\" srcset=\"https:\/\/www.marrakechdesertexcursions.com\/wp-content\/uploads\/2024\/04\/Customized-Morocco-Tours-1.webp 567w, https:\/\/www.marrakechdesertexcursions.com\/wp-content\/uploads\/2024\/04\/Customized-Morocco-Tours-1-300x267.webp 300w\" sizes=\"(max-width: 567px) 100vw, 567px\" \/>\t\t\t\t\t\t\t\t\t\t\t\t\t\t\t<\/div>\n\t\t\t\t<\/div>\n\t\t\t\t<\/div>\n\t\t\t\t\t<\/div>\n\t\t\t\t<\/div>\n\t\t<div class=\"elementor-element elementor-element-a7596dc e-flex e-con-boxed e-con e-parent\" data-id=\"a7596dc\" data-element_type=\"container\" data-e-type=\"container\">\n\t\t\t\t\t<div class=\"e-con-inner\">\n\t\t<div class=\"elementor-element elementor-element-5f7a00f e-con-full e-flex e-con e-child\" data-id=\"5f7a00f\" data-element_type=\"container\" data-e-type=\"container\">\n\t\t\t\t<div class=\"elementor-element elementor-element-2e6a4fa elementor-widget elementor-widget-image\" data-id=\"2e6a4fa\" data-element_type=\"widget\" data-e-type=\"widget\" data-widget_type=\"image.default\">\n\t\t\t\t<div class=\"elementor-widget-container\">\n\t\t\t\t\t\t\t\t\t\t\t\t\t\t\t<img decoding=\"async\" width=\"1024\" height=\"884\" src=\"https:\/\/www.marrakechdesertexcursions.com\/wp-content\/uploads\/2024\/04\/desert-sahara-2-1024x884-1.jpg\" class=\"attachment-large size-large wp-image-10073\" alt=\"Viajes personalizados en Maruecos\" srcset=\"https:\/\/www.marrakechdesertexcursions.com\/wp-content\/uploads\/2024\/04\/desert-sahara-2-1024x884-1.jpg 1024w, https:\/\/www.marrakechdesertexcursions.com\/wp-content\/uploads\/2024\/04\/desert-sahara-2-1024x884-1-300x259.jpg 300w, https:\/\/www.marrakechdesertexcursions.com\/wp-content\/uploads\/2024\/04\/desert-sahara-2-1024x884-1-768x663.jpg 768w, https:\/\/www.marrakechdesertexcursions.com\/wp-content\/uploads\/2024\/04\/desert-sahara-2-1024x884-1-600x518.jpg 600w\" sizes=\"(max-width: 1024px) 100vw, 1024px\" \/>\t\t\t\t\t\t\t\t\t\t\t\t\t\t\t<\/div>\n\t\t\t\t<\/div>\n\t\t\t\t<\/div>\n\t\t<div class=\"elementor-element elementor-element-f4e3a30 e-con-full e-flex e-con e-child\" data-id=\"f4e3a30\" data-element_type=\"container\" data-e-type=\"container\">\n\t\t\t\t<div class=\"elementor-element elementor-element-f2cb085 elementor-widget elementor-widget-heading\" data-id=\"f2cb085\" data-element_type=\"widget\" data-e-type=\"widget\" data-widget_type=\"heading.default\">\n\t\t\t\t<div class=\"elementor-widget-container\">\n\t\t\t\t\t<h2 class=\"elementor-heading-title elementor-size-default\">Sobre nuestros viajes personalizados en Marruecos <\/h2>\t\t\t\t<\/div>\n\t\t\t\t<\/div>\n\t\t\t\t<div class=\"elementor-element elementor-element-098fe11 elementor-widget elementor-widget-text-editor\" data-id=\"098fe11\" data-element_type=\"widget\" data-e-type=\"widget\" data-widget_type=\"text-editor.default\">\n\t\t\t\t<div class=\"elementor-widget-container\">\n\t\t\t\t\t\t\t\t\t<p>Como empresa familiar profesional de saharauis. Le proporcionamos conocimientos y un sentido de pertenencia a nuestra patria que la mayor\u00eda no puede proporcionar.<\/p><p>\u00a0<\/p><p>Nuestros paquetes de viajes personalizados en Marruecos y tours al S\u00e1hara, parten principalmente de. Las grandes ciudades de Marruecos donde hay aeropuertos internacionales. Es por eso que tenemos una colecci\u00f3n de Marrakech, Rabat, Fez, Casablanca y T\u00e1nger.<\/p><p>\u00a0<\/p><p>Personalizamos nuestros tours que incluyen. Todos los lugares que consideramos de visita obligada. Sin embargo, no hay destinos est\u00e1ticos. Los circuitos privados pueden dar un giro diferente siempre que usted lo desee. En otras palabras, usted puede personalizar su propio tour en base a lo que tenemos.<\/p>\t\t\t\t\t\t\t\t<\/div>\n\t\t\t\t<\/div>\n\t\t\t\t<\/div>\n\t\t\t\t\t<\/div>\n\t\t\t\t<\/div>\n\t\t<div class=\"elementor-element elementor-element-0942107 e-flex e-con-boxed e-con e-parent\" data-id=\"0942107\" data-element_type=\"container\" data-e-type=\"container\">\n\t\t\t\t\t<div class=\"e-con-inner\">\n\t\t<div class=\"elementor-element elementor-element-c7701a5 e-con-full e-flex e-con e-child\" data-id=\"c7701a5\" data-element_type=\"container\" data-e-type=\"container\">\n\t\t\t\t<div class=\"elementor-element elementor-element-4878b25 elementor-widget elementor-widget-image\" data-id=\"4878b25\" data-element_type=\"widget\" data-e-type=\"widget\" data-widget_type=\"image.default\">\n\t\t\t\t<div class=\"elementor-widget-container\">\n\t\t\t\t\t\t\t\t\t\t\t\t\t\t\t<img decoding=\"async\" width=\"960\" height=\"640\" src=\"https:\/\/www.marrakechdesertexcursions.com\/wp-content\/uploads\/2024\/04\/have-you-ever-been-in.jpg\" class=\"attachment-large size-large wp-image-10074\" alt=\"Viajes personalizados en Maruecos\" srcset=\"https:\/\/www.marrakechdesertexcursions.com\/wp-content\/uploads\/2024\/04\/have-you-ever-been-in.jpg 960w, https:\/\/www.marrakechdesertexcursions.com\/wp-content\/uploads\/2024\/04\/have-you-ever-been-in-300x200.jpg 300w, https:\/\/www.marrakechdesertexcursions.com\/wp-content\/uploads\/2024\/04\/have-you-ever-been-in-768x512.jpg 768w, https:\/\/www.marrakechdesertexcursions.com\/wp-content\/uploads\/2024\/04\/have-you-ever-been-in-600x400.jpg 600w\" sizes=\"(max-width: 960px) 100vw, 960px\" \/>\t\t\t\t\t\t\t\t\t\t\t\t\t\t\t<\/div>\n\t\t\t\t<\/div>\n\t\t\t\t<\/div>\n\t\t<div class=\"elementor-element elementor-element-398677e e-con-full e-flex e-con e-child\" data-id=\"398677e\" data-element_type=\"container\" data-e-type=\"container\">\n\t\t\t\t<div class=\"elementor-element elementor-element-8a7dfbd elementor-widget elementor-widget-image\" data-id=\"8a7dfbd\" data-element_type=\"widget\" data-e-type=\"widget\" data-widget_type=\"image.default\">\n\t\t\t\t<div class=\"elementor-widget-container\">\n\t\t\t\t\t\t\t\t\t\t\t\t\t\t\t<img loading=\"lazy\" decoding=\"async\" width=\"800\" height=\"533\" src=\"https:\/\/www.marrakechdesertexcursions.com\/wp-content\/uploads\/2024\/04\/desert-images2.webp\" class=\"attachment-large size-large wp-image-10075\" alt=\"Viajes personalizados en Maruecos\" srcset=\"https:\/\/www.marrakechdesertexcursions.com\/wp-content\/uploads\/2024\/04\/desert-images2.webp 800w, https:\/\/www.marrakechdesertexcursions.com\/wp-content\/uploads\/2024\/04\/desert-images2-300x200.webp 300w, https:\/\/www.marrakechdesertexcursions.com\/wp-content\/uploads\/2024\/04\/desert-images2-768x512.webp 768w, https:\/\/www.marrakechdesertexcursions.com\/wp-content\/uploads\/2024\/04\/desert-images2-600x400.webp 600w\" sizes=\"(max-width: 800px) 100vw, 800px\" \/>\t\t\t\t\t\t\t\t\t\t\t\t\t\t\t<\/div>\n\t\t\t\t<\/div>\n\t\t\t\t<\/div>\n\t\t<div class=\"elementor-element elementor-element-a51b56c e-con-full e-flex e-con e-child\" data-id=\"a51b56c\" data-element_type=\"container\" data-e-type=\"container\">\n\t\t\t\t<div class=\"elementor-element elementor-element-a132586 elementor-widget elementor-widget-heading\" data-id=\"a132586\" data-element_type=\"widget\" data-e-type=\"widget\" data-widget_type=\"heading.default\">\n\t\t\t\t<div class=\"elementor-widget-container\">\n\t\t\t\t\t<h2 class=\"elementor-heading-title elementor-size-default\">Acerca de nuestros inolvidables viajes al S\u00e1hara marroqu\u00ed<\/h2>\t\t\t\t<\/div>\n\t\t\t\t<\/div>\n\t\t\t\t<div class=\"elementor-element elementor-element-439609c elementor-widget elementor-widget-text-editor\" data-id=\"439609c\" data-element_type=\"widget\" data-e-type=\"widget\" data-widget_type=\"text-editor.default\">\n\t\t\t\t<div class=\"elementor-widget-container\">\n\t\t\t\t\t\t\t\t\t<p style=\"text-align: left;\">En <a href=\"https:\/\/www.marrakechdesertexcursions.com\/\">Marrakech Desert Excursions<\/a> ofrecemos viajes privados por los lugares m\u00e1s emblem\u00e1ticos de Marruecos. Exploramos las fastuosas Ciudades Imperiales, las impresionantes monta\u00f1as del Atlas, las brillantes playas del Mar Mediterr\u00e1neo y el Oc\u00e9ano Atl\u00e1ntico. As\u00ed como las Kasbahs Draa del sur y, por supuesto, el majestuoso <a href=\"https:\/\/es.wikipedia.org\/wiki\/Erg_Chebbi\">S\u00e1hara marroqu\u00ed<\/a>.<\/p><p>\u00a0<\/p><p style=\"text-align: left;\">Con nuestro equipo de expertos. Seguramente tendr\u00e1 la visi\u00f3n m\u00e1s aut\u00e9ntica y conexiones con personas que ofrecen la experiencia marroqu\u00ed m\u00e1s aut\u00e9ntica. Visitaremos casas tradicionales, exploraremos el campo y las joyas culturales y naturales ocultas de Marruecos.<\/p>\t\t\t\t\t\t\t\t<\/div>\n\t\t\t\t<\/div>\n\t\t\t\t<\/div>\n\t\t<div class=\"elementor-element elementor-element-1702107 e-con-full e-flex e-con e-child\" data-id=\"1702107\" data-element_type=\"container\" data-e-type=\"container\">\n\t\t\t\t<\/div>\n\t\t\t\t\t<\/div>\n\t\t\t\t<\/div>\n\t\t<div class=\"elementor-element elementor-element-7d8591a e-flex e-con-boxed e-con e-parent\" data-id=\"7d8591a\" data-element_type=\"container\" data-e-type=\"container\">\n\t\t\t\t\t<div class=\"e-con-inner\">\n\t\t\t\t\t<\/div>\n\t\t\t\t<\/div>\n\t\t\t\t<\/div>\n\t\t","protected":false},"excerpt":{"rendered":"<p>Viajes personalizados en Marruecos Viajes personalizados en Marruecos y sobre Marrakech Desert Excursions. Como somos Nomadas que nos gusta mucho el Desierto del Sahara. Nuestro amor por el desierto. Nos impulsa a querer compartirlo con el mundo. Todo el mundo merece experimentar la libertad y la naturaleza cruda del desierto del Sahara al menos una<\/p>\n","protected":false},"author":1,"featured_media":0,"parent":0,"menu_order":0,"comment_status":"closed","ping_status":"closed","template":"","meta":{"_joinchat":[],"footnotes":""},"class_list":["post-11042","page","type-page","status-publish","hentry"],"yoast_head":"<!-- This site is optimized with the Yoast SEO Premium plugin v22.6 (Yoast SEO v27.4) - https:\/\/yoast.com\/product\/yoast-seo-premium-wordpress\/ -->\n<title>Viajes personalizados en Marruecos<\/title>\n<meta name=\"description\" content=\"Con nuestros viajes personalizados en Marruecos tendr\u00e1 la visi\u00f3n y las conexiones m\u00e1s aut\u00e9nticas. Reserve su viaje a Marruecos hoy\" \/>\n<meta name=\"robots\" content=\"index, follow, max-snippet:-1, max-image-preview:large, max-video-preview:-1\" \/>\n<link rel=\"canonical\" href=\"https:\/\/www.marrakechdesertexcursions.com\/es\/viajes-personalizados-en-marruecos.html\" \/>\n<meta property=\"og:locale\" content=\"es_ES\" \/>\n<meta property=\"og:type\" content=\"article\" \/>\n<meta property=\"og:title\" content=\"Viajes personalizados en Marruecos\" \/>\n<meta property=\"og:description\" content=\"Con nuestros viajes personalizados en Marruecos tendr\u00e1 la visi\u00f3n y las conexiones m\u00e1s aut\u00e9nticas. Reserve su viaje a Marruecos hoy\" \/>\n<meta property=\"og:url\" content=\"https:\/\/www.marrakechdesertexcursions.com\/es\/viajes-personalizados-en-marruecos.html\" \/>\n<meta property=\"og:site_name\" content=\"Marrakech desert excursions\" \/>\n<meta property=\"article:modified_time\" content=\"2024-08-27T11:52:17+00:00\" \/>\n<meta property=\"og:image\" content=\"https:\/\/www.marrakechdesertexcursions.com\/wp-content\/uploads\/2024\/04\/Customized-Morocco-Tours-1.webp\" \/>\n<meta name=\"twitter:card\" content=\"summary_large_image\" \/>\n<meta name=\"twitter:label1\" content=\"Tiempo de lectura\" \/>\n\t<meta name=\"twitter:data1\" content=\"3 minutos\" \/>\n<script type=\"application\/ld+json\" class=\"yoast-schema-graph\">{\"@context\":\"https:\\\/\\\/schema.org\",\"@graph\":[{\"@type\":\"WebPage\",\"@id\":\"https:\\\/\\\/www.marrakechdesertexcursions.com\\\/es\\\/viajes-personalizados-en-marruecos.html\",\"url\":\"https:\\\/\\\/www.marrakechdesertexcursions.com\\\/es\\\/viajes-personalizados-en-marruecos.html\",\"name\":\"Viajes personalizados en Marruecos\",\"isPartOf\":{\"@id\":\"https:\\\/\\\/www.marrakechdesertexcursions.com\\\/es\\\/#website\"},\"primaryImageOfPage\":{\"@id\":\"https:\\\/\\\/www.marrakechdesertexcursions.com\\\/es\\\/viajes-personalizados-en-marruecos.html#primaryimage\"},\"image\":{\"@id\":\"https:\\\/\\\/www.marrakechdesertexcursions.com\\\/es\\\/viajes-personalizados-en-marruecos.html#primaryimage\"},\"thumbnailUrl\":\"https:\\\/\\\/www.marrakechdesertexcursions.com\\\/wp-content\\\/uploads\\\/2024\\\/04\\\/Customized-Morocco-Tours-1.webp\",\"datePublished\":\"2023-08-28T18:47:38+00:00\",\"dateModified\":\"2024-08-27T11:52:17+00:00\",\"description\":\"Con nuestros viajes personalizados en Marruecos tendr\u00e1 la visi\u00f3n y las conexiones m\u00e1s aut\u00e9nticas. Reserve su viaje a Marruecos hoy\",\"inLanguage\":\"es\",\"potentialAction\":[{\"@type\":\"ReadAction\",\"target\":[\"https:\\\/\\\/www.marrakechdesertexcursions.com\\\/es\\\/viajes-personalizados-en-marruecos.html\"]}]},{\"@type\":\"ImageObject\",\"inLanguage\":\"es\",\"@id\":\"https:\\\/\\\/www.marrakechdesertexcursions.com\\\/es\\\/viajes-personalizados-en-marruecos.html#primaryimage\",\"url\":\"https:\\\/\\\/www.marrakechdesertexcursions.com\\\/wp-content\\\/uploads\\\/2024\\\/04\\\/Customized-Morocco-Tours-1.webp\",\"contentUrl\":\"https:\\\/\\\/www.marrakechdesertexcursions.com\\\/wp-content\\\/uploads\\\/2024\\\/04\\\/Customized-Morocco-Tours-1.webp\"},{\"@type\":\"WebSite\",\"@id\":\"https:\\\/\\\/www.marrakechdesertexcursions.com\\\/es\\\/#website\",\"url\":\"https:\\\/\\\/www.marrakechdesertexcursions.com\\\/es\\\/\",\"name\":\"Marrakech desert excursions\",\"description\":\"\",\"publisher\":{\"@id\":\"https:\\\/\\\/www.marrakechdesertexcursions.com\\\/es\\\/#organization\"},\"potentialAction\":[{\"@type\":\"SearchAction\",\"target\":{\"@type\":\"EntryPoint\",\"urlTemplate\":\"https:\\\/\\\/www.marrakechdesertexcursions.com\\\/es\\\/?s={search_term_string}\"},\"query-input\":{\"@type\":\"PropertyValueSpecification\",\"valueRequired\":true,\"valueName\":\"search_term_string\"}}],\"inLanguage\":\"es\"},{\"@type\":\"Organization\",\"@id\":\"https:\\\/\\\/www.marrakechdesertexcursions.com\\\/es\\\/#organization\",\"name\":\"Marrakech desert excursions\",\"url\":\"https:\\\/\\\/www.marrakechdesertexcursions.com\\\/es\\\/\",\"logo\":{\"@type\":\"ImageObject\",\"inLanguage\":\"es\",\"@id\":\"https:\\\/\\\/www.marrakechdesertexcursions.com\\\/es\\\/#\\\/schema\\\/logo\\\/image\\\/\",\"url\":\"https:\\\/\\\/www.marrakechdesertexcursions.com\\\/wp-content\\\/uploads\\\/2024\\\/10\\\/cropped-logonew-04-1.webp\",\"contentUrl\":\"https:\\\/\\\/www.marrakechdesertexcursions.com\\\/wp-content\\\/uploads\\\/2024\\\/10\\\/cropped-logonew-04-1.webp\",\"width\":755,\"height\":480,\"caption\":\"Marrakech desert excursions\"},\"image\":{\"@id\":\"https:\\\/\\\/www.marrakechdesertexcursions.com\\\/es\\\/#\\\/schema\\\/logo\\\/image\\\/\"}}]}<\/script>\n<!-- \/ Yoast SEO Premium plugin. -->","yoast_head_json":{"title":"Viajes personalizados en Marruecos","description":"Con nuestros viajes personalizados en Marruecos tendr\u00e1 la visi\u00f3n y las conexiones m\u00e1s aut\u00e9nticas. Reserve su viaje a Marruecos hoy","robots":{"index":"index","follow":"follow","max-snippet":"max-snippet:-1","max-image-preview":"max-image-preview:large","max-video-preview":"max-video-preview:-1"},"canonical":"https:\/\/www.marrakechdesertexcursions.com\/es\/viajes-personalizados-en-marruecos.html","og_locale":"es_ES","og_type":"article","og_title":"Viajes personalizados en Marruecos","og_description":"Con nuestros viajes personalizados en Marruecos tendr\u00e1 la visi\u00f3n y las conexiones m\u00e1s aut\u00e9nticas. Reserve su viaje a Marruecos hoy","og_url":"https:\/\/www.marrakechdesertexcursions.com\/es\/viajes-personalizados-en-marruecos.html","og_site_name":"Marrakech desert excursions","article_modified_time":"2024-08-27T11:52:17+00:00","og_image":[{"url":"https:\/\/www.marrakechdesertexcursions.com\/wp-content\/uploads\/2024\/04\/Customized-Morocco-Tours-1.webp","type":"","width":"","height":""}],"twitter_card":"summary_large_image","twitter_misc":{"Tiempo de lectura":"3 minutos"},"schema":{"@context":"https:\/\/schema.org","@graph":[{"@type":"WebPage","@id":"https:\/\/www.marrakechdesertexcursions.com\/es\/viajes-personalizados-en-marruecos.html","url":"https:\/\/www.marrakechdesertexcursions.com\/es\/viajes-personalizados-en-marruecos.html","name":"Viajes personalizados en Marruecos","isPartOf":{"@id":"https:\/\/www.marrakechdesertexcursions.com\/es\/#website"},"primaryImageOfPage":{"@id":"https:\/\/www.marrakechdesertexcursions.com\/es\/viajes-personalizados-en-marruecos.html#primaryimage"},"image":{"@id":"https:\/\/www.marrakechdesertexcursions.com\/es\/viajes-personalizados-en-marruecos.html#primaryimage"},"thumbnailUrl":"https:\/\/www.marrakechdesertexcursions.com\/wp-content\/uploads\/2024\/04\/Customized-Morocco-Tours-1.webp","datePublished":"2023-08-28T18:47:38+00:00","dateModified":"2024-08-27T11:52:17+00:00","description":"Con nuestros viajes personalizados en Marruecos tendr\u00e1 la visi\u00f3n y las conexiones m\u00e1s aut\u00e9nticas. Reserve su viaje a Marruecos hoy","inLanguage":"es","potentialAction":[{"@type":"ReadAction","target":["https:\/\/www.marrakechdesertexcursions.com\/es\/viajes-personalizados-en-marruecos.html"]}]},{"@type":"ImageObject","inLanguage":"es","@id":"https:\/\/www.marrakechdesertexcursions.com\/es\/viajes-personalizados-en-marruecos.html#primaryimage","url":"https:\/\/www.marrakechdesertexcursions.com\/wp-content\/uploads\/2024\/04\/Customized-Morocco-Tours-1.webp","contentUrl":"https:\/\/www.marrakechdesertexcursions.com\/wp-content\/uploads\/2024\/04\/Customized-Morocco-Tours-1.webp"},{"@type":"WebSite","@id":"https:\/\/www.marrakechdesertexcursions.com\/es\/#website","url":"https:\/\/www.marrakechdesertexcursions.com\/es\/","name":"Marrakech desert excursions","description":"","publisher":{"@id":"https:\/\/www.marrakechdesertexcursions.com\/es\/#organization"},"potentialAction":[{"@type":"SearchAction","target":{"@type":"EntryPoint","urlTemplate":"https:\/\/www.marrakechdesertexcursions.com\/es\/?s={search_term_string}"},"query-input":{"@type":"PropertyValueSpecification","valueRequired":true,"valueName":"search_term_string"}}],"inLanguage":"es"},{"@type":"Organization","@id":"https:\/\/www.marrakechdesertexcursions.com\/es\/#organization","name":"Marrakech desert excursions","url":"https:\/\/www.marrakechdesertexcursions.com\/es\/","logo":{"@type":"ImageObject","inLanguage":"es","@id":"https:\/\/www.marrakechdesertexcursions.com\/es\/#\/schema\/logo\/image\/","url":"https:\/\/www.marrakechdesertexcursions.com\/wp-content\/uploads\/2024\/10\/cropped-logonew-04-1.webp","contentUrl":"https:\/\/www.marrakechdesertexcursions.com\/wp-content\/uploads\/2024\/10\/cropped-logonew-04-1.webp","width":755,"height":480,"caption":"Marrakech desert excursions"},"image":{"@id":"https:\/\/www.marrakechdesertexcursions.com\/es\/#\/schema\/logo\/image\/"}}]}},"_links":{"self":[{"href":"https:\/\/www.marrakechdesertexcursions.com\/es\/wp-json\/wp\/v2\/pages\/11042","targetHints":{"allow":["GET"]}}],"collection":[{"href":"https:\/\/www.marrakechdesertexcursions.com\/es\/wp-json\/wp\/v2\/pages"}],"about":[{"href":"https:\/\/www.marrakechdesertexcursions.com\/es\/wp-json\/wp\/v2\/types\/page"}],"author":[{"embeddable":true,"href":"https:\/\/www.marrakechdesertexcursions.com\/es\/wp-json\/wp\/v2\/users\/1"}],"replies":[{"embeddable":true,"href":"https:\/\/www.marrakechdesertexcursions.com\/es\/wp-json\/wp\/v2\/comments?post=11042"}],"version-history":[{"count":35,"href":"https:\/\/www.marrakechdesertexcursions.com\/es\/wp-json\/wp\/v2\/pages\/11042\/revisions"}],"predecessor-version":[{"id":11078,"href":"https:\/\/www.marrakechdesertexcursions.com\/es\/wp-json\/wp\/v2\/pages\/11042\/revisions\/11078"}],"wp:attachment":[{"href":"https:\/\/www.marrakechdesertexcursions.com\/es\/wp-json\/wp\/v2\/media?parent=11042"}],"curies":[{"name":"wp","href":"https:\/\/api.w.org\/{rel}","templated":true}]}}