{"id":11079,"date":"2024-04-30T11:14:49","date_gmt":"2024-04-30T11:14:49","guid":{"rendered":"https:\/\/www.marrakechdesertexcursions.com\/terms-and-conditions\/"},"modified":"2024-08-27T12:07:34","modified_gmt":"2024-08-27T12:07:34","slug":"terminos-y-condiciones","status":"publish","type":"page","link":"https:\/\/www.marrakechdesertexcursions.com\/es\/terminos-y-condiciones.html","title":{"rendered":"T\u00e9rminos y condiciones"},"content":{"rendered":"\t\t<div data-elementor-type=\"wp-page\" data-elementor-id=\"11079\" class=\"elementor elementor-11079 elementor-9232\">\n\t\t\t\t<div class=\"elementor-element elementor-element-a25bf73 e-flex e-con-boxed e-con e-parent\" data-id=\"a25bf73\" data-element_type=\"container\" data-e-type=\"container\">\n\t\t\t\t\t<div class=\"e-con-inner\">\n\t\t\t\t<div class=\"elementor-element elementor-element-d033219 elementor-widget elementor-widget-heading\" data-id=\"d033219\" data-element_type=\"widget\" data-e-type=\"widget\" data-widget_type=\"heading.default\">\n\t\t\t\t<div class=\"elementor-widget-container\">\n\t\t\t\t\t<h1 class=\"elementor-heading-title elementor-size-default\">T\u00e9rminos y condiciones<\/h1>\t\t\t\t<\/div>\n\t\t\t\t<\/div>\n\t\t\t\t<div class=\"elementor-element elementor-element-81bed1d elementor-widget elementor-widget-text-editor\" data-id=\"81bed1d\" data-element_type=\"widget\" data-e-type=\"widget\" data-widget_type=\"text-editor.default\">\n\t\t\t\t<div class=\"elementor-widget-container\">\n\t\t\t\t\t\t\t\t\tUna vez que usted reserva una investigaci\u00f3n para un viaje con Marrakech Desert Excursions. (referido como \u00abnosotros\u00bb o \u00abnos\u00bb en estos t\u00e9rminos). Usted se compromete a aceptar estos t\u00e9rminos y condiciones en su nombre y en el de cualquier otro usuario de nuestros productos o servicios como resultado de este tipo de reserva.\t\t\t\t\t\t\t\t<\/div>\n\t\t\t\t<\/div>\n\t\t\t\t<div class=\"elementor-element elementor-element-6d399dc elementor-widget elementor-widget-heading\" data-id=\"6d399dc\" data-element_type=\"widget\" data-e-type=\"widget\" data-widget_type=\"heading.default\">\n\t\t\t\t<div class=\"elementor-widget-container\">\n\t\t\t\t\t<h2 class=\"elementor-heading-title elementor-size-default\">Reservas:<\/h2>\t\t\t\t<\/div>\n\t\t\t\t<\/div>\n\t\t\t\t<div class=\"elementor-element elementor-element-db74a01 elementor-widget elementor-widget-text-editor\" data-id=\"db74a01\" data-element_type=\"widget\" data-e-type=\"widget\" data-widget_type=\"text-editor.default\">\n\t\t\t\t<div class=\"elementor-widget-container\">\n\t\t\t\t\t\t\t\t\tEn su propio nombre, y cualquier otra persona que utilice, nuestros servicios como, el resultado de una reserva que hizo. Usted estar\u00e1 de acuerdo con todos estos t\u00e9rminos y condiciones, haciendo una reserva de viaje con la compa\u00f1\u00eda Marrakech Desert Excursions.\t\t\t\t\t\t\t\t<\/div>\n\t\t\t\t<\/div>\n\t\t\t\t<div class=\"elementor-element elementor-element-6d7344c elementor-widget elementor-widget-heading\" data-id=\"6d7344c\" data-element_type=\"widget\" data-e-type=\"widget\" data-widget_type=\"heading.default\">\n\t\t\t\t<div class=\"elementor-widget-container\">\n\t\t\t\t\t<h2 class=\"elementor-heading-title elementor-size-default\">Procesos de pago y reserva:<\/h2>\t\t\t\t<\/div>\n\t\t\t\t<\/div>\n\t\t\t\t<div class=\"elementor-element elementor-element-7193354 elementor-widget elementor-widget-text-editor\" data-id=\"7193354\" data-element_type=\"widget\" data-e-type=\"widget\" data-widget_type=\"text-editor.default\">\n\t\t\t\t<div class=\"elementor-widget-container\">\n\t\t\t\t\t\t\t\t\tLe enviaremos un itinerario detallado y una factura con los datos de pago. Tan pronto como acepte el precio y el plan de viaje proporcionados. Una vez que recibamos un dep\u00f3sito del 20%, la reserva quedar\u00e1 confirmada.\t\t\t\t\t\t\t\t<\/div>\n\t\t\t\t<\/div>\n\t\t\t\t<div class=\"elementor-element elementor-element-11122f1 elementor-widget elementor-widget-heading\" data-id=\"11122f1\" data-element_type=\"widget\" data-e-type=\"widget\" data-widget_type=\"heading.default\">\n\t\t\t\t<div class=\"elementor-widget-container\">\n\t\t\t\t\t<h2 class=\"elementor-heading-title elementor-size-default\">Modificaciones de reserva : <\/h2>\t\t\t\t<\/div>\n\t\t\t\t<\/div>\n\t\t\t\t<div class=\"elementor-element elementor-element-7da9c6f elementor-widget elementor-widget-text-editor\" data-id=\"7da9c6f\" data-element_type=\"widget\" data-e-type=\"widget\" data-widget_type=\"text-editor.default\">\n\t\t\t\t<div class=\"elementor-widget-container\">\n\t\t\t\t\t\t\t\t\t<p>Haremos, todo lo que est\u00e9 en nuestra mano para modificar su reserva, sin coste adicional, si es necesario. Si usted viaja dentro de los 10 d\u00edas, del comienzo de las vacaciones, sin embargo, no podr\u00eda ser posible.<\/p><p>\u00a0<\/p><p>Si usted requiere cualquier ajuste, por favor, p\u00f3ngase en contacto con, nosotros de inmediato y, env\u00edenos un correo electr\u00f3nico con respecto a, su solicitud. Una vez m\u00e1s, absolutamente, har\u00e1 todo lo posible para satisfacer sus necesidades, y evitar cargos adicionales, pero, no podemos prometerlo.<\/p><p>\u00a0<\/p><p>Usted puede seguir adelante y tomar las vacaciones previamente programadas, o cancelar y pagar los gastos de cancelaci\u00f3n como se indica. En caso de que, los ajustes, no se puede hacer a, la reserva que ha hecho.<\/p>\t\t\t\t\t\t\t\t<\/div>\n\t\t\t\t<\/div>\n\t\t\t\t<div class=\"elementor-element elementor-element-97b7000 elementor-widget elementor-widget-heading\" data-id=\"97b7000\" data-element_type=\"widget\" data-e-type=\"widget\" data-widget_type=\"heading.default\">\n\t\t\t\t<div class=\"elementor-widget-container\">\n\t\t\t\t\t<h2 class=\"elementor-heading-title elementor-size-default\">Pol\u00edtica y directrices de cancelaci\u00f3n :<\/h2>\t\t\t\t<\/div>\n\t\t\t\t<\/div>\n\t\t\t\t<div class=\"elementor-element elementor-element-29a4132 elementor-widget elementor-widget-text-editor\" data-id=\"29a4132\" data-element_type=\"widget\" data-e-type=\"widget\" data-widget_type=\"text-editor.default\">\n\t\t\t\t<div class=\"elementor-widget-container\">\n\t\t\t\t\t\t\t\t\t<p>En caso de que tenga que cancelar su viaje a Marruecos, por favor, h\u00e1ganoslo saber. Tan pronto como sea posible, el importe de los gastos de cancelaci\u00f3n, se determina, por cu\u00e1ntos d\u00edas, recibimos su, solicitud de cancelaci\u00f3n por escrito, antes de la fecha de salida.<\/p><p>\u00a0<\/p><p>Cancelaci\u00f3n con, m\u00e1s, de, 25 d\u00edas: s\u00f3lo se devuelve el dep\u00f3sito efectuado.<\/p><p>\u00a0<\/p><p>Cancelaci\u00f3n con, menos de, 25 d\u00edas: no se devuelve.<\/p>\t\t\t\t\t\t\t\t<\/div>\n\t\t\t\t<\/div>\n\t\t\t\t<div class=\"elementor-element elementor-element-e2c2b1e elementor-widget elementor-widget-heading\" data-id=\"e2c2b1e\" data-element_type=\"widget\" data-e-type=\"widget\" data-widget_type=\"heading.default\">\n\t\t\t\t<div class=\"elementor-widget-container\">\n\t\t\t\t\t<h2 class=\"elementor-heading-title elementor-size-default\">M\u00e1s Informaci\u00f3n y Condiciones : <\/h2>\t\t\t\t<\/div>\n\t\t\t\t<\/div>\n\t\t\t\t<div class=\"elementor-element elementor-element-1f8ca19 elementor-widget elementor-widget-text-editor\" data-id=\"1f8ca19\" data-element_type=\"widget\" data-e-type=\"widget\" data-widget_type=\"text-editor.default\">\n\t\t\t\t<div class=\"elementor-widget-container\">\n\t\t\t\t\t\t\t\t\t<p>Peticiones personalizadas:<\/p><p>\u00a0<\/p><p>Al completar su reserva, inf\u00f3rmenos por correo electr\u00f3nico de cualquier necesidad particular que pueda tener, como restricciones diet\u00e9ticas, problemas de salud, ayuda en silla de ruedas o cualquier otra cosa. Le proporcionaremos la informaci\u00f3n necesaria para garantizarle unas vacaciones seguras y agradables.<\/p><p>\u00a0<\/p><p>Antes de confirmar su itinerario, le informaremos por correo electr\u00f3nico de cualquier exigencia particular que no podamos satisfacer, si fuera necesario.<\/p><p>\u00a0<\/p><p>Seguro:<\/p><p>\u00a0<\/p><p>No ofrecemos ning\u00fan tipo de seguro. Usted es el \u00fanico responsable de contratar un seguro de vacaciones adecuado. En caso de enfermedad, cancelaci\u00f3n, p\u00e9rdida de equipaje, retrasos y otras circunstancias imprevistas, le recomendamos encarecidamente que contrate un seguro de viaje.<\/p><p>\u00a0<\/p><p>Nuestro deber:<\/p><p>\u00a0<\/p><p>Si por cualquier motivo, alg\u00fan aspecto de sus planes de viaje difiere de lo especificado al hacer la reserva y no es de un calibre justo, asumiremos la responsabilidad. Si no ha habido negligencia por nuestra parte, efectuaremos un pago razonable (hasta un m\u00e1ximo del importe que se nos abon\u00f3 por ese componente de los planes de vacaciones).<\/p><p>\u00a0<\/p><p>La documentaci\u00f3n para viajar:<\/p><p>\u00a0<\/p><p>Es su responsabilidad, asegurarse de que tiene toda, la documentaci\u00f3n de viaje requerida en condiciones v\u00e1lidas. Antes de visitar el pa\u00eds, su pasaporte debe tener una validez de seis meses.<\/p><p>\u00a0<\/p><p>Confidencialidad y privacidad:<\/p><p>\u00a0<\/p><p>Dado que usted nos facilit\u00f3 su informaci\u00f3n privada y confidencial al hacer la reserva, asumimos plenamente la responsabilidad de garantizar que se tomen las medidas de seguridad adecuadas para protegerla.<\/p><p>\u00a0<\/p><p>Las reservas con alojamientos y otros que se requieran para organizar sus necesidades de viaje. Se realizar\u00e1n utilizando los datos que recopilemos de usted.<\/p><p>\u00a0<\/p><p>Adem\u00e1s, informaremos a los proveedores correspondientes de cualquier restricci\u00f3n diet\u00e9tica, enfermedad o discapacidad. Con el fin de garantizarle unas vacaciones seguras y felices. Estos datos, ser\u00e1n compartidos con, las partes apropiadas (con su permiso, por supuesto) cuando usted hace una reserva.<\/p>\t\t\t\t\t\t\t\t<\/div>\n\t\t\t\t<\/div>\n\t\t\t\t\t<\/div>\n\t\t\t\t<\/div>\n\t\t\t\t<\/div>\n\t\t","protected":false},"excerpt":{"rendered":"<p>T\u00e9rminos y condiciones Una vez que usted reserva una investigaci\u00f3n para un viaje con Marrakech Desert Excursions. (referido como \u00abnosotros\u00bb o \u00abnos\u00bb en estos t\u00e9rminos). Usted se compromete a aceptar estos t\u00e9rminos y condiciones en su nombre y en el de cualquier otro usuario de nuestros productos o servicios como resultado de este tipo de<\/p>\n","protected":false},"author":1,"featured_media":0,"parent":0,"menu_order":0,"comment_status":"closed","ping_status":"closed","template":"","meta":{"_joinchat":[],"footnotes":""},"class_list":["post-11079","page","type-page","status-publish","hentry"],"yoast_head":"<!-- This site is optimized with the Yoast SEO Premium plugin v22.6 (Yoast SEO v27.6) - https:\/\/yoast.com\/product\/yoast-seo-premium-wordpress\/ -->\n<title>T\u00e9rminos y Condiciones<\/title>\n<meta name=\"robots\" content=\"index, follow, max-snippet:-1, max-image-preview:large, max-video-preview:-1\" \/>\n<link rel=\"canonical\" href=\"https:\/\/www.marrakechdesertexcursions.com\/es\/terminos-y-condiciones.html\" \/>\n<meta property=\"og:locale\" content=\"es_ES\" \/>\n<meta property=\"og:type\" content=\"article\" \/>\n<meta property=\"og:title\" content=\"T\u00e9rminos y Condiciones\" \/>\n<meta property=\"og:description\" content=\"T\u00e9rminos y condiciones Una vez que usted reserva una investigaci\u00f3n para un viaje con Marrakech Desert Excursions. (referido como \u00abnosotros\u00bb o \u00abnos\u00bb en estos t\u00e9rminos). Usted se compromete a aceptar estos t\u00e9rminos y condiciones en su nombre y en el de cualquier otro usuario de nuestros productos o servicios como resultado de este tipo de\" \/>\n<meta property=\"og:url\" content=\"https:\/\/www.marrakechdesertexcursions.com\/es\/terminos-y-condiciones.html\" \/>\n<meta property=\"og:site_name\" content=\"Marrakech desert excursions\" \/>\n<meta property=\"article:modified_time\" content=\"2024-08-27T12:07:34+00:00\" \/>\n<meta name=\"twitter:card\" content=\"summary_large_image\" \/>\n<meta name=\"twitter:label1\" content=\"Tiempo de lectura\" \/>\n\t<meta name=\"twitter:data1\" content=\"3 minutos\" \/>\n<script type=\"application\/ld+json\" class=\"yoast-schema-graph\">{\"@context\":\"https:\\\/\\\/schema.org\",\"@graph\":[{\"@type\":\"WebPage\",\"@id\":\"https:\\\/\\\/www.marrakechdesertexcursions.com\\\/es\\\/terminos-y-condiciones.html\",\"url\":\"https:\\\/\\\/www.marrakechdesertexcursions.com\\\/es\\\/terminos-y-condiciones.html\",\"name\":\"T\u00e9rminos y Condiciones\",\"isPartOf\":{\"@id\":\"https:\\\/\\\/www.marrakechdesertexcursions.com\\\/es\\\/#website\"},\"datePublished\":\"2024-04-30T11:14:49+00:00\",\"dateModified\":\"2024-08-27T12:07:34+00:00\",\"inLanguage\":\"es\",\"potentialAction\":[{\"@type\":\"ReadAction\",\"target\":[\"https:\\\/\\\/www.marrakechdesertexcursions.com\\\/es\\\/terminos-y-condiciones.html\"]}]},{\"@type\":\"WebSite\",\"@id\":\"https:\\\/\\\/www.marrakechdesertexcursions.com\\\/es\\\/#website\",\"url\":\"https:\\\/\\\/www.marrakechdesertexcursions.com\\\/es\\\/\",\"name\":\"Marrakech desert excursions\",\"description\":\"\",\"publisher\":{\"@id\":\"https:\\\/\\\/www.marrakechdesertexcursions.com\\\/es\\\/#organization\"},\"potentialAction\":[{\"@type\":\"SearchAction\",\"target\":{\"@type\":\"EntryPoint\",\"urlTemplate\":\"https:\\\/\\\/www.marrakechdesertexcursions.com\\\/es\\\/?s={search_term_string}\"},\"query-input\":{\"@type\":\"PropertyValueSpecification\",\"valueRequired\":true,\"valueName\":\"search_term_string\"}}],\"inLanguage\":\"es\"},{\"@type\":\"Organization\",\"@id\":\"https:\\\/\\\/www.marrakechdesertexcursions.com\\\/es\\\/#organization\",\"name\":\"Marrakech desert excursions\",\"url\":\"https:\\\/\\\/www.marrakechdesertexcursions.com\\\/es\\\/\",\"logo\":{\"@type\":\"ImageObject\",\"inLanguage\":\"es\",\"@id\":\"https:\\\/\\\/www.marrakechdesertexcursions.com\\\/es\\\/#\\\/schema\\\/logo\\\/image\\\/\",\"url\":\"https:\\\/\\\/www.marrakechdesertexcursions.com\\\/wp-content\\\/uploads\\\/2024\\\/10\\\/cropped-logonew-04-1.webp\",\"contentUrl\":\"https:\\\/\\\/www.marrakechdesertexcursions.com\\\/wp-content\\\/uploads\\\/2024\\\/10\\\/cropped-logonew-04-1.webp\",\"width\":755,\"height\":480,\"caption\":\"Marrakech desert excursions\"},\"image\":{\"@id\":\"https:\\\/\\\/www.marrakechdesertexcursions.com\\\/es\\\/#\\\/schema\\\/logo\\\/image\\\/\"}}]}<\/script>\n<!-- \/ Yoast SEO Premium plugin. -->","yoast_head_json":{"title":"T\u00e9rminos y Condiciones","robots":{"index":"index","follow":"follow","max-snippet":"max-snippet:-1","max-image-preview":"max-image-preview:large","max-video-preview":"max-video-preview:-1"},"canonical":"https:\/\/www.marrakechdesertexcursions.com\/es\/terminos-y-condiciones.html","og_locale":"es_ES","og_type":"article","og_title":"T\u00e9rminos y Condiciones","og_description":"T\u00e9rminos y condiciones Una vez que usted reserva una investigaci\u00f3n para un viaje con Marrakech Desert Excursions. (referido como \u00abnosotros\u00bb o \u00abnos\u00bb en estos t\u00e9rminos). Usted se compromete a aceptar estos t\u00e9rminos y condiciones en su nombre y en el de cualquier otro usuario de nuestros productos o servicios como resultado de este tipo de","og_url":"https:\/\/www.marrakechdesertexcursions.com\/es\/terminos-y-condiciones.html","og_site_name":"Marrakech desert excursions","article_modified_time":"2024-08-27T12:07:34+00:00","twitter_card":"summary_large_image","twitter_misc":{"Tiempo de lectura":"3 minutos"},"schema":{"@context":"https:\/\/schema.org","@graph":[{"@type":"WebPage","@id":"https:\/\/www.marrakechdesertexcursions.com\/es\/terminos-y-condiciones.html","url":"https:\/\/www.marrakechdesertexcursions.com\/es\/terminos-y-condiciones.html","name":"T\u00e9rminos y Condiciones","isPartOf":{"@id":"https:\/\/www.marrakechdesertexcursions.com\/es\/#website"},"datePublished":"2024-04-30T11:14:49+00:00","dateModified":"2024-08-27T12:07:34+00:00","inLanguage":"es","potentialAction":[{"@type":"ReadAction","target":["https:\/\/www.marrakechdesertexcursions.com\/es\/terminos-y-condiciones.html"]}]},{"@type":"WebSite","@id":"https:\/\/www.marrakechdesertexcursions.com\/es\/#website","url":"https:\/\/www.marrakechdesertexcursions.com\/es\/","name":"Marrakech desert excursions","description":"","publisher":{"@id":"https:\/\/www.marrakechdesertexcursions.com\/es\/#organization"},"potentialAction":[{"@type":"SearchAction","target":{"@type":"EntryPoint","urlTemplate":"https:\/\/www.marrakechdesertexcursions.com\/es\/?s={search_term_string}"},"query-input":{"@type":"PropertyValueSpecification","valueRequired":true,"valueName":"search_term_string"}}],"inLanguage":"es"},{"@type":"Organization","@id":"https:\/\/www.marrakechdesertexcursions.com\/es\/#organization","name":"Marrakech desert excursions","url":"https:\/\/www.marrakechdesertexcursions.com\/es\/","logo":{"@type":"ImageObject","inLanguage":"es","@id":"https:\/\/www.marrakechdesertexcursions.com\/es\/#\/schema\/logo\/image\/","url":"https:\/\/www.marrakechdesertexcursions.com\/wp-content\/uploads\/2024\/10\/cropped-logonew-04-1.webp","contentUrl":"https:\/\/www.marrakechdesertexcursions.com\/wp-content\/uploads\/2024\/10\/cropped-logonew-04-1.webp","width":755,"height":480,"caption":"Marrakech desert excursions"},"image":{"@id":"https:\/\/www.marrakechdesertexcursions.com\/es\/#\/schema\/logo\/image\/"}}]}},"_links":{"self":[{"href":"https:\/\/www.marrakechdesertexcursions.com\/es\/wp-json\/wp\/v2\/pages\/11079","targetHints":{"allow":["GET"]}}],"collection":[{"href":"https:\/\/www.marrakechdesertexcursions.com\/es\/wp-json\/wp\/v2\/pages"}],"about":[{"href":"https:\/\/www.marrakechdesertexcursions.com\/es\/wp-json\/wp\/v2\/types\/page"}],"author":[{"embeddable":true,"href":"https:\/\/www.marrakechdesertexcursions.com\/es\/wp-json\/wp\/v2\/users\/1"}],"replies":[{"embeddable":true,"href":"https:\/\/www.marrakechdesertexcursions.com\/es\/wp-json\/wp\/v2\/comments?post=11079"}],"version-history":[{"count":7,"href":"https:\/\/www.marrakechdesertexcursions.com\/es\/wp-json\/wp\/v2\/pages\/11079\/revisions"}],"predecessor-version":[{"id":11087,"href":"https:\/\/www.marrakechdesertexcursions.com\/es\/wp-json\/wp\/v2\/pages\/11079\/revisions\/11087"}],"wp:attachment":[{"href":"https:\/\/www.marrakechdesertexcursions.com\/es\/wp-json\/wp\/v2\/media?parent=11079"}],"curies":[{"name":"wp","href":"https:\/\/api.w.org\/{rel}","templated":true}]}}