{"id":11440,"date":"2023-08-28T18:47:38","date_gmt":"2023-08-28T18:47:38","guid":{"rendered":"https:\/\/www.marrakechdesertexcursions.com\/about-us\/"},"modified":"2024-09-13T10:38:45","modified_gmt":"2024-09-13T10:38:45","slug":"voyage-sur-mesure-au-maroc","status":"publish","type":"page","link":"https:\/\/www.marrakechdesertexcursions.com\/fr\/voyage-sur-mesure-au-maroc.html","title":{"rendered":"Qui sommes nous"},"content":{"rendered":"\t\t<div data-elementor-type=\"wp-page\" data-elementor-id=\"11440\" class=\"elementor elementor-11440 elementor-7937\">\n\t\t\t\t<div class=\"elementor-element elementor-element-cc3e821 e-flex e-con-boxed e-con e-parent\" data-id=\"cc3e821\" data-element_type=\"container\" data-e-type=\"container\">\n\t\t\t\t\t<div class=\"e-con-inner\">\n\t\t<div class=\"elementor-element elementor-element-a97decc e-con-full e-flex e-con e-child\" data-id=\"a97decc\" data-element_type=\"container\" data-e-type=\"container\">\n\t\t\t\t<div class=\"elementor-element elementor-element-febd6a8 elementor-widget elementor-widget-heading\" data-id=\"febd6a8\" data-element_type=\"widget\" data-e-type=\"widget\" data-widget_type=\"heading.default\">\n\t\t\t\t<div class=\"elementor-widget-container\">\n\t\t\t\t\t<h1 class=\"elementor-heading-title elementor-size-default\">A propos de notre voyage sur mesure au Maroc<\/h1>\t\t\t\t<\/div>\n\t\t\t\t<\/div>\n\t\t\t\t<div class=\"elementor-element elementor-element-7974d5f elementor-widget elementor-widget-text-editor\" data-id=\"7974d5f\" data-element_type=\"widget\" data-e-type=\"widget\" data-widget_type=\"text-editor.default\">\n\t\t\t\t<div class=\"elementor-widget-container\">\n\t\t\t\t\t\t\t\t\t<p><strong>Voyage sur mesure au Maroc<\/strong> et \u00e0 propos de <strong>Marrakech Desert Excursions<\/strong>. Comme nous sommes des nomades, nous aimons le d\u00e9sert du Sahara. Notre amour pour le d\u00e9sert. Il nous pousse \u00e0 vouloir le partager avec le monde. Tout le monde m\u00e9rite de faire l&rsquo;exp\u00e9rience de la libert\u00e9 et de la nature brute du d\u00e9sert du Sahara au moins une fois dans sa vie. Excursions dans le d\u00e9sert de Marrakech. Offre \u00e0 chacun l&rsquo;opportunit\u00e9 de devenir nomade en explorant le mode de vie magique du d\u00e9sert et de ses habitants.<\/p><hr \/><p>\u00a0<\/p><p>Nos<a href=\"https:\/\/www.marrakechdesertexcursions.com\/fr\"> voyage au desert au Maroc<\/a>. Vous donne l&rsquo;opportunit\u00e9 d&rsquo;interagir avec le Sahara et de ressentir la vie que Dieu vous a donn\u00e9e. Explorez avec nous le ciel nocturne sans fin, les dunes, la nourriture, les rituels et le mode de vie du d\u00e9sert du Sahara marocain.<\/p><hr \/><p>\u00a0<\/p><p>Nous sommes d&rsquo;authentiques Sahraouis qui ont appris \u00e0 vivre dans un environnement aussi extr\u00eame. Des nomades n\u00e9s avec du sable dans les yeux. Nous sommes tous convaincus que le d\u00e9sert est l&rsquo;endroit o\u00f9 nous sommes destin\u00e9s \u00e0 vivre. Nous appr\u00e9cions notre terre et vous invitons \u00e0 \u00eatre notre h\u00f4te. Explorez le Maroc avec nous, d\u00e9couvrez l&rsquo;\u00e9norme diversit\u00e9 de notre pays et profitez de toutes les activit\u00e9s amusantes que nous proposons.<\/p>\t\t\t\t\t\t\t\t<\/div>\n\t\t\t\t<\/div>\n\t\t\t\t<\/div>\n\t\t<div class=\"elementor-element elementor-element-9b5287f e-con-full e-flex e-con e-child\" data-id=\"9b5287f\" data-element_type=\"container\" data-e-type=\"container\">\n\t\t\t\t<div class=\"elementor-element elementor-element-ecf5adb elementor-widget elementor-widget-image\" data-id=\"ecf5adb\" data-element_type=\"widget\" data-e-type=\"widget\" data-widget_type=\"image.default\">\n\t\t\t\t<div class=\"elementor-widget-container\">\n\t\t\t\t\t\t\t\t\t\t\t\t\t\t\t<img fetchpriority=\"high\" decoding=\"async\" width=\"567\" height=\"504\" src=\"https:\/\/www.marrakechdesertexcursions.com\/wp-content\/uploads\/2024\/04\/Customized-Morocco-Tours-1.webp\" class=\"attachment-large size-large wp-image-11450\" alt=\"Voyage sur mesure au Maroc - 2024 - 2025\" srcset=\"https:\/\/www.marrakechdesertexcursions.com\/wp-content\/uploads\/2024\/04\/Customized-Morocco-Tours-1.webp 567w, https:\/\/www.marrakechdesertexcursions.com\/wp-content\/uploads\/2024\/04\/Customized-Morocco-Tours-1-300x267.webp 300w\" sizes=\"(max-width: 567px) 100vw, 567px\" \/>\t\t\t\t\t\t\t\t\t\t\t\t\t\t\t<\/div>\n\t\t\t\t<\/div>\n\t\t\t\t<\/div>\n\t\t\t\t\t<\/div>\n\t\t\t\t<\/div>\n\t\t<div class=\"elementor-element elementor-element-a7596dc e-flex e-con-boxed e-con e-parent\" data-id=\"a7596dc\" data-element_type=\"container\" data-e-type=\"container\">\n\t\t\t\t\t<div class=\"e-con-inner\">\n\t\t<div class=\"elementor-element elementor-element-5f7a00f e-con-full e-flex e-con e-child\" data-id=\"5f7a00f\" data-element_type=\"container\" data-e-type=\"container\">\n\t\t\t\t<div class=\"elementor-element elementor-element-2e6a4fa elementor-widget elementor-widget-image\" data-id=\"2e6a4fa\" data-element_type=\"widget\" data-e-type=\"widget\" data-widget_type=\"image.default\">\n\t\t\t\t<div class=\"elementor-widget-container\">\n\t\t\t\t\t\t\t\t\t\t\t\t\t\t\t<img decoding=\"async\" width=\"1024\" height=\"884\" src=\"https:\/\/www.marrakechdesertexcursions.com\/wp-content\/uploads\/2024\/04\/desert-sahara-2-1024x884-1.jpg\" class=\"attachment-large size-large wp-image-11447\" alt=\"Voyage sur mesure au Maroc - 2024 - 2025\" srcset=\"https:\/\/www.marrakechdesertexcursions.com\/wp-content\/uploads\/2024\/04\/desert-sahara-2-1024x884-1.jpg 1024w, https:\/\/www.marrakechdesertexcursions.com\/wp-content\/uploads\/2024\/04\/desert-sahara-2-1024x884-1-300x259.jpg 300w, https:\/\/www.marrakechdesertexcursions.com\/wp-content\/uploads\/2024\/04\/desert-sahara-2-1024x884-1-768x663.jpg 768w, https:\/\/www.marrakechdesertexcursions.com\/wp-content\/uploads\/2024\/04\/desert-sahara-2-1024x884-1-600x518.jpg 600w\" sizes=\"(max-width: 1024px) 100vw, 1024px\" \/>\t\t\t\t\t\t\t\t\t\t\t\t\t\t\t<\/div>\n\t\t\t\t<\/div>\n\t\t\t\t<\/div>\n\t\t<div class=\"elementor-element elementor-element-f4e3a30 e-con-full e-flex e-con e-child\" data-id=\"f4e3a30\" data-element_type=\"container\" data-e-type=\"container\">\n\t\t\t\t<div class=\"elementor-element elementor-element-f2cb085 elementor-widget elementor-widget-heading\" data-id=\"f2cb085\" data-element_type=\"widget\" data-e-type=\"widget\" data-widget_type=\"heading.default\">\n\t\t\t\t<div class=\"elementor-widget-container\">\n\t\t\t\t\t<h2 class=\"elementor-heading-title elementor-size-default\">A propos de nos voyages sur mesure au Maroc et de nos circuits dans le desert<\/h2>\t\t\t\t<\/div>\n\t\t\t\t<\/div>\n\t\t\t\t<div class=\"elementor-element elementor-element-098fe11 elementor-widget elementor-widget-text-editor\" data-id=\"098fe11\" data-element_type=\"widget\" data-e-type=\"widget\" data-widget_type=\"text-editor.default\">\n\t\t\t\t<div class=\"elementor-widget-container\">\n\t\t\t\t\t\t\t\t\t<p>En tant qu&rsquo;entreprise familiale professionnelle de Berb\u00e8res. Nous vous fournissons des connaissances et un sentiment d&rsquo;appartenance \u00e0 notre patrie que la plupart ne peuvent pas fournir.<\/p><hr \/><p>Nos voyage sur mesure au Maroc et au Sahara partent principalement des grandes villes du Maroc o\u00f9 il y a des a\u00e9roports internationaux. C&rsquo;est pourquoi nous avons une collection de <strong>circuits sur mesure<\/strong> qui partent de Marrakech, Rabat, F\u00e8s, Casablanca et Tanger.<\/p><hr \/><p>Nous adaptons nos circuits pour inclure. Tous les endroits que nous consid\u00e9rons comme incontournables. Cependant, il n&rsquo;y a pas de destinations fixes. Les circuits priv\u00e9s peuvent \u00eatre modifi\u00e9s \u00e0 tout moment. En d&rsquo;autres termes, vous pouvez personnaliser votre propre <a href=\"https:\/\/www.marrakechdesertexcursions.com\/fr\/circuits-au-maroc.html\">circuit au Maroc<\/a> en vous basant sur ce que nous avons.<\/p>\t\t\t\t\t\t\t\t<\/div>\n\t\t\t\t<\/div>\n\t\t\t\t<\/div>\n\t\t\t\t\t<\/div>\n\t\t\t\t<\/div>\n\t\t<div class=\"elementor-element elementor-element-0942107 e-flex e-con-boxed e-con e-parent\" data-id=\"0942107\" data-element_type=\"container\" data-e-type=\"container\">\n\t\t\t\t\t<div class=\"e-con-inner\">\n\t\t<div class=\"elementor-element elementor-element-c7701a5 e-con-full e-flex e-con e-child\" data-id=\"c7701a5\" data-element_type=\"container\" data-e-type=\"container\">\n\t\t\t\t<div class=\"elementor-element elementor-element-4878b25 elementor-widget elementor-widget-image\" data-id=\"4878b25\" data-element_type=\"widget\" data-e-type=\"widget\" data-widget_type=\"image.default\">\n\t\t\t\t<div class=\"elementor-widget-container\">\n\t\t\t\t\t\t\t\t\t\t\t\t\t\t\t<img decoding=\"async\" width=\"960\" height=\"640\" src=\"https:\/\/www.marrakechdesertexcursions.com\/wp-content\/uploads\/2024\/04\/have-you-ever-been-in.jpg\" class=\"attachment-large size-large wp-image-11448\" alt=\"Voyage sur mesure au Maroc - 2024 - 2025\" srcset=\"https:\/\/www.marrakechdesertexcursions.com\/wp-content\/uploads\/2024\/04\/have-you-ever-been-in.jpg 960w, https:\/\/www.marrakechdesertexcursions.com\/wp-content\/uploads\/2024\/04\/have-you-ever-been-in-300x200.jpg 300w, https:\/\/www.marrakechdesertexcursions.com\/wp-content\/uploads\/2024\/04\/have-you-ever-been-in-768x512.jpg 768w, https:\/\/www.marrakechdesertexcursions.com\/wp-content\/uploads\/2024\/04\/have-you-ever-been-in-600x400.jpg 600w\" sizes=\"(max-width: 960px) 100vw, 960px\" \/>\t\t\t\t\t\t\t\t\t\t\t\t\t\t\t<\/div>\n\t\t\t\t<\/div>\n\t\t\t\t<\/div>\n\t\t<div class=\"elementor-element elementor-element-398677e e-con-full e-flex e-con e-child\" data-id=\"398677e\" data-element_type=\"container\" data-e-type=\"container\">\n\t\t\t\t<div class=\"elementor-element elementor-element-8a7dfbd elementor-widget elementor-widget-image\" data-id=\"8a7dfbd\" data-element_type=\"widget\" data-e-type=\"widget\" data-widget_type=\"image.default\">\n\t\t\t\t<div class=\"elementor-widget-container\">\n\t\t\t\t\t\t\t\t\t\t\t\t\t\t\t<img loading=\"lazy\" decoding=\"async\" width=\"800\" height=\"533\" src=\"https:\/\/www.marrakechdesertexcursions.com\/wp-content\/uploads\/2024\/04\/desert-images2.webp\" class=\"attachment-large size-large wp-image-11449\" alt=\"Voyage sur mesure au Maroc - 2024 - 2025\" srcset=\"https:\/\/www.marrakechdesertexcursions.com\/wp-content\/uploads\/2024\/04\/desert-images2.webp 800w, https:\/\/www.marrakechdesertexcursions.com\/wp-content\/uploads\/2024\/04\/desert-images2-300x200.webp 300w, https:\/\/www.marrakechdesertexcursions.com\/wp-content\/uploads\/2024\/04\/desert-images2-768x512.webp 768w, https:\/\/www.marrakechdesertexcursions.com\/wp-content\/uploads\/2024\/04\/desert-images2-600x400.webp 600w\" sizes=\"(max-width: 800px) 100vw, 800px\" \/>\t\t\t\t\t\t\t\t\t\t\t\t\t\t\t<\/div>\n\t\t\t\t<\/div>\n\t\t\t\t<\/div>\n\t\t<div class=\"elementor-element elementor-element-a51b56c e-con-full e-flex e-con e-child\" data-id=\"a51b56c\" data-element_type=\"container\" data-e-type=\"container\">\n\t\t\t\t<div class=\"elementor-element elementor-element-a132586 elementor-widget elementor-widget-heading\" data-id=\"a132586\" data-element_type=\"widget\" data-e-type=\"widget\" data-widget_type=\"heading.default\">\n\t\t\t\t<div class=\"elementor-widget-container\">\n\t\t\t\t\t<h2 class=\"elementor-heading-title elementor-size-default\">Tout sur nos voyages inoubliables dans le d\u00e9sert du Sahara marocain<\/h2>\t\t\t\t<\/div>\n\t\t\t\t<\/div>\n\t\t\t\t<div class=\"elementor-element elementor-element-439609c elementor-widget elementor-widget-text-editor\" data-id=\"439609c\" data-element_type=\"widget\" data-e-type=\"widget\" data-widget_type=\"text-editor.default\">\n\t\t\t\t<div class=\"elementor-widget-container\">\n\t\t\t\t\t\t\t\t\t<p>\u00c0 Marrakech Desert Excursions, nous proposons des <strong>excursions priv\u00e9es et voyage sur mesure<\/strong> dans les endroits les plus typiques du Maroc. Nous explorons les somptueuses villes imp\u00e9riales, les montagnes de l&rsquo;Atlas \u00e0 couper le souffle, les plages scintillantes de la mer M\u00e9diterran\u00e9e et de l&rsquo;oc\u00e9an Atlantique. Ainsi que les Kasbahs de Draa dans le sud et, bien s\u00fbr, le majestueux <a href=\"https:\/\/fr.wikipedia.org\/wiki\/Erg_Chebbi\">Sahara marocain<\/a>.<\/p><hr \/><p>\u00a0<\/p><p>Avec notre \u00e9quipe d&rsquo;experts. Vous \u00eates s\u00fbr d&rsquo;avoir un aper\u00e7u authentique et des contacts avec des personnes qui offrent l&rsquo;exp\u00e9rience marocaine la plus authentique. Nous visiterons des maisons traditionnelles, explorerons la campagne et les joyaux culturels et naturels cach\u00e9s du Maroc.<\/p>\t\t\t\t\t\t\t\t<\/div>\n\t\t\t\t<\/div>\n\t\t\t\t<\/div>\n\t\t<div class=\"elementor-element elementor-element-1702107 e-con-full e-flex e-con e-child\" data-id=\"1702107\" data-element_type=\"container\" data-e-type=\"container\">\n\t\t\t\t<\/div>\n\t\t\t\t\t<\/div>\n\t\t\t\t<\/div>\n\t\t<div class=\"elementor-element elementor-element-7d8591a e-flex e-con-boxed e-con e-parent\" data-id=\"7d8591a\" data-element_type=\"container\" data-e-type=\"container\">\n\t\t\t\t\t<div class=\"e-con-inner\">\n\t\t\t\t\t<\/div>\n\t\t\t\t<\/div>\n\t\t\t\t<\/div>\n\t\t","protected":false},"excerpt":{"rendered":"<p>A propos de notre voyage sur mesure au Maroc Voyage sur mesure au Maroc et \u00e0 propos de Marrakech Desert Excursions. Comme nous sommes des nomades, nous aimons le d\u00e9sert du Sahara. Notre amour pour le d\u00e9sert. Il nous pousse \u00e0 vouloir le partager avec le monde. Tout le monde m\u00e9rite de faire l&rsquo;exp\u00e9rience de<\/p>\n","protected":false},"author":1,"featured_media":0,"parent":0,"menu_order":0,"comment_status":"closed","ping_status":"closed","template":"","meta":{"_joinchat":[],"footnotes":""},"class_list":["post-11440","page","type-page","status-publish","hentry"],"yoast_head":"<!-- This site is optimized with the Yoast SEO Premium plugin v22.6 (Yoast SEO v27.6) - https:\/\/yoast.com\/product\/yoast-seo-premium-wordpress\/ -->\n<title>Voyage sur mesure au Maroc - 2024 - 2025<\/title>\n<meta name=\"description\" content=\"Marrakech Desert Exursions, propose des circuits priv\u00e9s et voyage sur mesure au Maroc dans les endroits les plus embl\u00e9matiques du pay\" \/>\n<meta name=\"robots\" content=\"index, follow, max-snippet:-1, max-image-preview:large, max-video-preview:-1\" \/>\n<link rel=\"canonical\" href=\"https:\/\/www.marrakechdesertexcursions.com\/fr\/voyage-sur-mesure-au-maroc.html\" \/>\n<meta property=\"og:locale\" content=\"fr_FR\" \/>\n<meta property=\"og:type\" content=\"article\" \/>\n<meta property=\"og:title\" content=\"Voyage sur mesure au Maroc - 2024 - 2025\" \/>\n<meta property=\"og:description\" content=\"Marrakech Desert Exursions, propose des circuits priv\u00e9s et voyage sur mesure au Maroc dans les endroits les plus embl\u00e9matiques du pay\" \/>\n<meta property=\"og:url\" content=\"https:\/\/www.marrakechdesertexcursions.com\/fr\/voyage-sur-mesure-au-maroc.html\" \/>\n<meta property=\"og:site_name\" content=\"Marrakech desert excursions\" \/>\n<meta property=\"article:modified_time\" content=\"2024-09-13T10:38:45+00:00\" \/>\n<meta property=\"og:image\" content=\"https:\/\/www.marrakechdesertexcursions.com\/wp-content\/uploads\/2024\/04\/Customized-Morocco-Tours-1.webp\" \/>\n<meta name=\"twitter:card\" content=\"summary_large_image\" \/>\n<meta name=\"twitter:label1\" content=\"Dur\u00e9e de lecture estim\u00e9e\" \/>\n\t<meta name=\"twitter:data1\" content=\"3 minutes\" \/>\n<script type=\"application\/ld+json\" class=\"yoast-schema-graph\">{\"@context\":\"https:\\\/\\\/schema.org\",\"@graph\":[{\"@type\":\"WebPage\",\"@id\":\"https:\\\/\\\/www.marrakechdesertexcursions.com\\\/fr\\\/voyage-sur-mesure-au-maroc.html\",\"url\":\"https:\\\/\\\/www.marrakechdesertexcursions.com\\\/fr\\\/voyage-sur-mesure-au-maroc.html\",\"name\":\"Voyage sur mesure au Maroc - 2024 - 2025\",\"isPartOf\":{\"@id\":\"https:\\\/\\\/www.marrakechdesertexcursions.com\\\/fr\\\/#website\"},\"primaryImageOfPage\":{\"@id\":\"https:\\\/\\\/www.marrakechdesertexcursions.com\\\/fr\\\/voyage-sur-mesure-au-maroc.html#primaryimage\"},\"image\":{\"@id\":\"https:\\\/\\\/www.marrakechdesertexcursions.com\\\/fr\\\/voyage-sur-mesure-au-maroc.html#primaryimage\"},\"thumbnailUrl\":\"https:\\\/\\\/www.marrakechdesertexcursions.com\\\/wp-content\\\/uploads\\\/2024\\\/04\\\/Customized-Morocco-Tours-1.webp\",\"datePublished\":\"2023-08-28T18:47:38+00:00\",\"dateModified\":\"2024-09-13T10:38:45+00:00\",\"description\":\"Marrakech Desert Exursions, propose des circuits priv\u00e9s et voyage sur mesure au Maroc dans les endroits les plus embl\u00e9matiques du pay\",\"inLanguage\":\"fr-FR\",\"potentialAction\":[{\"@type\":\"ReadAction\",\"target\":[\"https:\\\/\\\/www.marrakechdesertexcursions.com\\\/fr\\\/voyage-sur-mesure-au-maroc.html\"]}]},{\"@type\":\"ImageObject\",\"inLanguage\":\"fr-FR\",\"@id\":\"https:\\\/\\\/www.marrakechdesertexcursions.com\\\/fr\\\/voyage-sur-mesure-au-maroc.html#primaryimage\",\"url\":\"https:\\\/\\\/www.marrakechdesertexcursions.com\\\/wp-content\\\/uploads\\\/2024\\\/04\\\/Customized-Morocco-Tours-1.webp\",\"contentUrl\":\"https:\\\/\\\/www.marrakechdesertexcursions.com\\\/wp-content\\\/uploads\\\/2024\\\/04\\\/Customized-Morocco-Tours-1.webp\"},{\"@type\":\"WebSite\",\"@id\":\"https:\\\/\\\/www.marrakechdesertexcursions.com\\\/fr\\\/#website\",\"url\":\"https:\\\/\\\/www.marrakechdesertexcursions.com\\\/fr\\\/\",\"name\":\"Marrakech desert excursions\",\"description\":\"\",\"publisher\":{\"@id\":\"https:\\\/\\\/www.marrakechdesertexcursions.com\\\/fr\\\/#organization\"},\"potentialAction\":[{\"@type\":\"SearchAction\",\"target\":{\"@type\":\"EntryPoint\",\"urlTemplate\":\"https:\\\/\\\/www.marrakechdesertexcursions.com\\\/fr\\\/?s={search_term_string}\"},\"query-input\":{\"@type\":\"PropertyValueSpecification\",\"valueRequired\":true,\"valueName\":\"search_term_string\"}}],\"inLanguage\":\"fr-FR\"},{\"@type\":\"Organization\",\"@id\":\"https:\\\/\\\/www.marrakechdesertexcursions.com\\\/fr\\\/#organization\",\"name\":\"Marrakech desert excursions\",\"url\":\"https:\\\/\\\/www.marrakechdesertexcursions.com\\\/fr\\\/\",\"logo\":{\"@type\":\"ImageObject\",\"inLanguage\":\"fr-FR\",\"@id\":\"https:\\\/\\\/www.marrakechdesertexcursions.com\\\/fr\\\/#\\\/schema\\\/logo\\\/image\\\/\",\"url\":\"https:\\\/\\\/www.marrakechdesertexcursions.com\\\/wp-content\\\/uploads\\\/2024\\\/10\\\/cropped-logonew-04-1.webp\",\"contentUrl\":\"https:\\\/\\\/www.marrakechdesertexcursions.com\\\/wp-content\\\/uploads\\\/2024\\\/10\\\/cropped-logonew-04-1.webp\",\"width\":755,\"height\":480,\"caption\":\"Marrakech desert excursions\"},\"image\":{\"@id\":\"https:\\\/\\\/www.marrakechdesertexcursions.com\\\/fr\\\/#\\\/schema\\\/logo\\\/image\\\/\"}}]}<\/script>\n<!-- \/ Yoast SEO Premium plugin. -->","yoast_head_json":{"title":"Voyage sur mesure au Maroc - 2024 - 2025","description":"Marrakech Desert Exursions, propose des circuits priv\u00e9s et voyage sur mesure au Maroc dans les endroits les plus embl\u00e9matiques du pay","robots":{"index":"index","follow":"follow","max-snippet":"max-snippet:-1","max-image-preview":"max-image-preview:large","max-video-preview":"max-video-preview:-1"},"canonical":"https:\/\/www.marrakechdesertexcursions.com\/fr\/voyage-sur-mesure-au-maroc.html","og_locale":"fr_FR","og_type":"article","og_title":"Voyage sur mesure au Maroc - 2024 - 2025","og_description":"Marrakech Desert Exursions, propose des circuits priv\u00e9s et voyage sur mesure au Maroc dans les endroits les plus embl\u00e9matiques du pay","og_url":"https:\/\/www.marrakechdesertexcursions.com\/fr\/voyage-sur-mesure-au-maroc.html","og_site_name":"Marrakech desert excursions","article_modified_time":"2024-09-13T10:38:45+00:00","og_image":[{"url":"https:\/\/www.marrakechdesertexcursions.com\/wp-content\/uploads\/2024\/04\/Customized-Morocco-Tours-1.webp","type":"","width":"","height":""}],"twitter_card":"summary_large_image","twitter_misc":{"Dur\u00e9e de lecture estim\u00e9e":"3 minutes"},"schema":{"@context":"https:\/\/schema.org","@graph":[{"@type":"WebPage","@id":"https:\/\/www.marrakechdesertexcursions.com\/fr\/voyage-sur-mesure-au-maroc.html","url":"https:\/\/www.marrakechdesertexcursions.com\/fr\/voyage-sur-mesure-au-maroc.html","name":"Voyage sur mesure au Maroc - 2024 - 2025","isPartOf":{"@id":"https:\/\/www.marrakechdesertexcursions.com\/fr\/#website"},"primaryImageOfPage":{"@id":"https:\/\/www.marrakechdesertexcursions.com\/fr\/voyage-sur-mesure-au-maroc.html#primaryimage"},"image":{"@id":"https:\/\/www.marrakechdesertexcursions.com\/fr\/voyage-sur-mesure-au-maroc.html#primaryimage"},"thumbnailUrl":"https:\/\/www.marrakechdesertexcursions.com\/wp-content\/uploads\/2024\/04\/Customized-Morocco-Tours-1.webp","datePublished":"2023-08-28T18:47:38+00:00","dateModified":"2024-09-13T10:38:45+00:00","description":"Marrakech Desert Exursions, propose des circuits priv\u00e9s et voyage sur mesure au Maroc dans les endroits les plus embl\u00e9matiques du pay","inLanguage":"fr-FR","potentialAction":[{"@type":"ReadAction","target":["https:\/\/www.marrakechdesertexcursions.com\/fr\/voyage-sur-mesure-au-maroc.html"]}]},{"@type":"ImageObject","inLanguage":"fr-FR","@id":"https:\/\/www.marrakechdesertexcursions.com\/fr\/voyage-sur-mesure-au-maroc.html#primaryimage","url":"https:\/\/www.marrakechdesertexcursions.com\/wp-content\/uploads\/2024\/04\/Customized-Morocco-Tours-1.webp","contentUrl":"https:\/\/www.marrakechdesertexcursions.com\/wp-content\/uploads\/2024\/04\/Customized-Morocco-Tours-1.webp"},{"@type":"WebSite","@id":"https:\/\/www.marrakechdesertexcursions.com\/fr\/#website","url":"https:\/\/www.marrakechdesertexcursions.com\/fr\/","name":"Marrakech desert excursions","description":"","publisher":{"@id":"https:\/\/www.marrakechdesertexcursions.com\/fr\/#organization"},"potentialAction":[{"@type":"SearchAction","target":{"@type":"EntryPoint","urlTemplate":"https:\/\/www.marrakechdesertexcursions.com\/fr\/?s={search_term_string}"},"query-input":{"@type":"PropertyValueSpecification","valueRequired":true,"valueName":"search_term_string"}}],"inLanguage":"fr-FR"},{"@type":"Organization","@id":"https:\/\/www.marrakechdesertexcursions.com\/fr\/#organization","name":"Marrakech desert excursions","url":"https:\/\/www.marrakechdesertexcursions.com\/fr\/","logo":{"@type":"ImageObject","inLanguage":"fr-FR","@id":"https:\/\/www.marrakechdesertexcursions.com\/fr\/#\/schema\/logo\/image\/","url":"https:\/\/www.marrakechdesertexcursions.com\/wp-content\/uploads\/2024\/10\/cropped-logonew-04-1.webp","contentUrl":"https:\/\/www.marrakechdesertexcursions.com\/wp-content\/uploads\/2024\/10\/cropped-logonew-04-1.webp","width":755,"height":480,"caption":"Marrakech desert excursions"},"image":{"@id":"https:\/\/www.marrakechdesertexcursions.com\/fr\/#\/schema\/logo\/image\/"}}]}},"_links":{"self":[{"href":"https:\/\/www.marrakechdesertexcursions.com\/fr\/wp-json\/wp\/v2\/pages\/11440","targetHints":{"allow":["GET"]}}],"collection":[{"href":"https:\/\/www.marrakechdesertexcursions.com\/fr\/wp-json\/wp\/v2\/pages"}],"about":[{"href":"https:\/\/www.marrakechdesertexcursions.com\/fr\/wp-json\/wp\/v2\/types\/page"}],"author":[{"embeddable":true,"href":"https:\/\/www.marrakechdesertexcursions.com\/fr\/wp-json\/wp\/v2\/users\/1"}],"replies":[{"embeddable":true,"href":"https:\/\/www.marrakechdesertexcursions.com\/fr\/wp-json\/wp\/v2\/comments?post=11440"}],"version-history":[{"count":10,"href":"https:\/\/www.marrakechdesertexcursions.com\/fr\/wp-json\/wp\/v2\/pages\/11440\/revisions"}],"predecessor-version":[{"id":11462,"href":"https:\/\/www.marrakechdesertexcursions.com\/fr\/wp-json\/wp\/v2\/pages\/11440\/revisions\/11462"}],"wp:attachment":[{"href":"https:\/\/www.marrakechdesertexcursions.com\/fr\/wp-json\/wp\/v2\/media?parent=11440"}],"curies":[{"name":"wp","href":"https:\/\/api.w.org\/{rel}","templated":true}]}}